{"id":25293,"date":"2023-08-08T10:02:20","date_gmt":"2023-08-08T10:02:20","guid":{"rendered":"https:\/\/www.ajabu-adventures.com\/prive-safaris-in-tanzania\/"},"modified":"2026-03-03T16:04:04","modified_gmt":"2026-03-03T16:04:04","slug":"prive-safaris-in-tanzania","status":"publish","type":"page","link":"https:\/\/www.ajabu-adventures.com\/nl\/prive-safaris-in-tanzania\/","title":{"rendered":"Priv\u00e9 safari&#8217;s in Tanzania"},"content":{"rendered":"\n\n\t<h1>\n\t\t\t\tSafari&#8217;s ter inspiratie\n\t\t\t<\/h1>\n\t<h5>\n\t\t\t\tVerken Tanzania in je eigen tempo\n\t\t\t<\/h5>\n\t\t\t<a href=\"https:\/\/www.ajabu-adventures.com\/nl\/boek-jouw-prive-safari-avontuur\/\" title=\"Stel je eigen droomsafari samen\" target=\"_self\"   role=\"button\" aria-label=\"Stel je eigen droomsafari samen\">\n\t\t\t\t\t\t\tStel je eigen droomsafari samen\n\t\t<\/a>\n\t\t\t<a href=\"#\" title=\"of plan een belafspraak\" target=\"_self\"   role=\"button\" aria-label=\"of plan een belafspraak\">\n\t\t\t\t\t\t\tof plan een belafspraak\n\t\t<\/a>\n\t<h2>\n\t\t\t\tBekijk onze safari&#8217;s en tours in Tanzania\n\t\t\t<\/h2>\n\t<p>Tanzania biedt een ongelooflijke verscheidenheid aan safari mogelijkheden. Van de mooiste wildparken en exotische eilanden tot een bezoek aan de Maasai en het beklimmen van de Mount Meru of Kilimanjaro. Onze voorgestelde routes zijn een startpunt en tonen slechts enkele van de beste safariopties van Tanzania. Combineer een selectie van deze geweldige locaties in \u00e9\u00e9n geweldige safari, strandvakantie of bergbeklimmingsexpeditie. Alle safari&#8217;s en tours zijn priv\u00e9 en kunnen worden aangepast aan je persoonlijke behoeften en interesses.   <\/p>\n\t\t\t\t<a href=\"https:\/\/www.ajabu-adventures.com\/nl\/prive-safari-avontuur-tanzania\/\" target=\"_self\" itemprop=\"url\">\n\t\t\t\t<img decoding=\"async\" src=\"https:\/\/www.ajabu-adventures.com\/wp-content\/uploads\/2023\/12\/zebras-grazing-ngorongoro-crater-tanzania.jpg\" alt=\"Zebras grazing the plains of the Ngorongoro Crater\" itemprop=\"image\" title=\"zebras-grazing-ngorongoro-crater-tanzania\" onerror=\"this.style.display='none'\"  \/>\n\t\t\t\t<\/a>\n\t<h4>\n\t\t\t\t9-daags Safari Avontuur Tanzania\n\t\t\t<\/h4>\n\t\t\t<p>Bezoek de mooiste wildparken in het noorden van Tanzania met dit priv\u00e9 Safari Avontuur!<br \/><em>Vanaf US $3320<\/em><\/p>\t\n\t\t\t<a href=\"https:\/\/www.ajabu-adventures.com\/nl\/prive-safari-avontuur-tanzania\/\" title=\"Bekijk deze safari\" target=\"_self\"   role=\"button\" aria-label=\"Bekijk deze safari\">\n\t\t\t\t\t\t\tBekijk deze safari\n\t\t<\/a>\n\t\t\t\t<a href=\"https:\/\/www.ajabu-adventures.com\/nl\/cultuur-avontuur-tanzania-prive-safari\/\" target=\"_self\" itemprop=\"url\">\n\t\t\t\t<img decoding=\"async\" src=\"https:\/\/www.ajabu-adventures.com\/wp-content\/uploads\/2023\/08\/ajabu-adventures-masai.jpg\" alt=\"ajabu-adventures-masai\" itemprop=\"image\" title=\"ajabu-adventures-masai\" onerror=\"this.style.display='none'\"  \/>\n\t\t\t\t<\/a>\n\t<h4>\n\t\t\t\t9-daagse Cultuur Avontuur\n\t\t\t<\/h4>\n\t\t\t<p>Een indrukwekkende reis vol natuur, wilde dieren, cultuur en tradities.<br \/><em>Vanaf US $2990<\/em><\/p>\t\n\t\t\t<a href=\"https:\/\/www.ajabu-adventures.com\/nl\/cultuur-avontuur-tanzania-prive-safari\/\" title=\"Bekijk deze safari\" target=\"_self\"   role=\"button\" aria-label=\"Bekijk deze safari\">\n\t\t\t\t\t\t\tBekijk deze safari\n\t\t<\/a>\n\t\t\t\t<a href=\"https:\/\/www.ajabu-adventures.com\/nl\/17-daagse-prive-beklimming-kilimanjaro-safari\/\" target=\"_self\" itemprop=\"url\">\n\t\t\t\t<img decoding=\"async\" src=\"https:\/\/www.ajabu-adventures.com\/wp-content\/uploads\/2023\/08\/ajabu-adventures-kilimanjaro.jpg\" alt=\"Mount Kilimanjaro in Tanzania, the roof of Africa\" itemprop=\"image\" title=\"ajabu-adventures-kilimanjaro\" onerror=\"this.style.display='none'\"  \/>\n\t\t\t\t<\/a>\n\t<h4>\n\t\t\t\t17-daagse Kilimanjaro &amp; Safari Tanzania\n\t\t\t<\/h4>\n\t\t\t<p>Het ultieme avontuur naar de top van Afrika. Sluit deze uitdaging af met een lonende safari naar de mooiste wildparken in Tanzania<br \/><em>Vanaf US $4990<\/em><\/p>\t\n\t\t\t<a href=\"https:\/\/www.ajabu-adventures.com\/nl\/17-daagse-prive-beklimming-kilimanjaro-safari\/\" title=\"Bekijk deze safari\" target=\"_self\"   role=\"button\" aria-label=\"Bekijk deze safari\">\n\t\t\t\t\t\t\tBekijk deze safari\n\t\t<\/a>\n\t\t\t\t<a href=\"https:\/\/www.ajabu-adventures.com\/nl\/fly-in-safari-van-bush-naar-beach-tanzania\/\" target=\"_self\" itemprop=\"url\">\n\t\t\t\t<img decoding=\"async\" src=\"https:\/\/www.ajabu-adventures.com\/wp-content\/uploads\/2023\/12\/sundowner-rufiji-river-nyerere-selous.jpg\" alt=\"Sundowner at the Rufiji River in Nyerere National Park\" itemprop=\"image\" title=\"sundowner-rufiji-river-nyerere-selous\" onerror=\"this.style.display='none'\"  \/>\n\t\t\t\t<\/a>\n\t<h4>\n\t\t\t\t8-daagse Fly-In Safari van Bush naar Beach\n\t\t\t<\/h4>\n\t\t\tEen onvergetelijke priv\u00e9 safari die je meeneemt van de Afrikaanse wildernis naar de ongerepte stranden van Zanzibar.<br \/>\n<em>Vanaf US $2840 per persoon<\/em>\n\t\t\t<a href=\"https:\/\/www.ajabu-adventures.com\/nl\/fly-in-safari-van-bush-naar-beach-tanzania\/\" title=\"Bekijk deze safari\" target=\"_self\"   role=\"button\" aria-label=\"Bekijk deze safari\">\n\t\t\t\t\t\t\tBekijk deze safari\n\t\t<\/a>\n\t\t\t\t<a href=\"https:\/\/www.ajabu-adventures.com\/nl\/prive-safari-tanzania-zanzibar-eiland\/\" target=\"_self\" itemprop=\"url\">\n\t\t\t\t<img decoding=\"async\" src=\"https:\/\/www.ajabu-adventures.com\/wp-content\/uploads\/2023\/12\/zanzibar-beach-tanzania.jpg\" alt=\"Beach Zanzibar in Tanzania\" itemprop=\"image\" title=\"zanzibar-beach-tanzania\" onerror=\"this.style.display='none'\"  \/>\n\t\t\t\t<\/a>\n\t<h4>\n\t\t\t\t21-daagse Zanzibar &amp; Tanzania\n\t\t\t<\/h4>\n\t\t\tEen reis door \u00e9\u00e9n van Tanzania&#8217;s afgelegen en ongestoord wildlife combineert een uniek tropisch en safari avontuur.<br \/>\n<em>Vanaf US $6950 per persoon<\/em>\n\t\t\t<a href=\"https:\/\/www.ajabu-adventures.com\/nl\/prive-safari-tanzania-zanzibar-eiland\/\" title=\"Bekijk deze safari\" target=\"_self\"   role=\"button\" aria-label=\"Bekijk deze safari\">\n\t\t\t\t\t\t\tBekijk deze safari\n\t\t<\/a>\n\t\t\t\t<a href=\"https:\/\/www.ajabu-adventures.com\/nl\/prive-vliegsafari-tanzania\/\" target=\"_self\" itemprop=\"url\">\n\t\t\t\t<img decoding=\"async\" src=\"https:\/\/www.ajabu-adventures.com\/wp-content\/uploads\/2023\/12\/serengeti-vast-plains-safari-tanzania.jpg\" alt=\"Vast plains of the Serengeti during your safari in Tanzania\" itemprop=\"image\" title=\"serengeti-vast-plains-safari-tanzania\" onerror=\"this.style.display='none'\"  \/>\n\t\t\t\t<\/a>\n\t<h4>\n\t\t\t\t8-daagse Fly In Noord-Tanzania\n\t\t\t<\/h4>\n\t\t\tEen luxe Afrikaans avontuur in 8 dagen, dat u van het ene hoogtepunt naar het andere brengt.<br \/>\n<em>Vanaf US $4680 per persoon<\/em>\n\t\t\t<a href=\"https:\/\/www.ajabu-adventures.com\/nl\/prive-vliegsafari-tanzania\/\" title=\"Bekijk deze safari\" target=\"_self\"   role=\"button\" aria-label=\"Bekijk deze safari\">\n\t\t\t\t\t\t\tBekijk deze safari\n\t\t<\/a>\n\t\t\t\t<a href=\"https:\/\/www.ajabu-adventures.com\/nl\/8-daagse-serengeti-migratie-safari\/\" target=\"_self\" itemprop=\"url\">\n\t\t\t\t<img loading=\"lazy\" decoding=\"async\" src=\"https:\/\/www.ajabu-adventures.com\/wp-content\/uploads\/2024\/02\/zebras-and-wildebeests-crossing-mara-river.jpg\" alt=\"Zebras and wildebeests crossing the Mara river in Serengeti\" itemprop=\"image\" height=\"700\" width=\"1000\" title=\"zebras-and-wildebeests-crossing-mara-river\" onerror=\"this.style.display='none'\"  \/>\n\t\t\t\t<\/a>\n\t<h4>\n\t\t\t\t8-daagse Safari Serengeti Migratie\n\t\t\t<\/h4>\n\t\t\tWees getuige van \u00e9\u00e9n van de grootste jaarlijkse spektakels in de natuur<br \/>\n<em>Vanaf US $3260 per persoon<\/em>\n\t\t\t<a href=\"https:\/\/www.ajabu-adventures.com\/nl\/8-daagse-serengeti-migratie-safari\/\" title=\"Bekijk deze safari\" target=\"_self\"   role=\"button\" aria-label=\"Bekijk deze safari\">\n\t\t\t\t\t\t\tBekijk deze safari\n\t\t<\/a>\n\t<h3>\n\t\t\t\tNiet de juiste reis gevonden?\n\t\t\t<\/h3>\n\t<h5>\n\t\t\t\tZijn de safarimogelijkheden nog steeds overweldigend of heb je behoefte aan een persoonlijker advies? Geen nood, wij ontwerpen graag een priv\u00e9 tour die past bij je persoonlijke interesses, wensen en budget. \n\t\t\t<\/h5>\n\t\t\t<a href=\"https:\/\/www.ajabu-adventures.com\/nl\/boek-jouw-prive-safari-avontuur\/\" title=\"Stel je eigen droomsafari samen\" target=\"_self\"   role=\"button\" aria-label=\"Stel je eigen droomsafari samen\">\n\t\t\t\t\t\t\tStel je eigen droomsafari samen\n\t\t<\/a>\n\n","protected":false},"excerpt":{"rendered":"<p>Safari&#8217;s ter inspiratie Verken Tanzania in je eigen tempo Stel je eigen droomsafari samen of plan een belafspraak Bekijk onze safari&#8217;s en tours in Tanzania Tanzania biedt een ongelooflijke verscheidenheid aan safari mogelijkheden. Van de mooiste wildparken en exotische eilanden tot een bezoek aan de Maasai en het beklimmen van de Mount Meru of Kilimanjaro. [&hellip;]<\/p>\n","protected":false},"author":4,"featured_media":0,"parent":0,"menu_order":0,"comment_status":"closed","ping_status":"closed","template":"","meta":{"_acf_changed":false,"site-sidebar-layout":"no-sidebar","site-content-layout":"page-builder","ast-site-content-layout":"full-width-container","site-content-style":"unboxed","site-sidebar-style":"unboxed","ast-global-header-display":"","ast-banner-title-visibility":"","ast-main-header-display":"","ast-hfb-above-header-display":"","ast-hfb-below-header-display":"","ast-hfb-mobile-header-display":"","site-post-title":"disabled","ast-breadcrumbs-content":"","ast-featured-img":"disabled","footer-sml-layout":"","ast-disable-related-posts":"","theme-transparent-header-meta":"default","adv-header-id-meta":"","stick-header-meta":"","header-above-stick-meta":"","header-main-stick-meta":"","header-below-stick-meta":"","astra-migrate-meta-layouts":"set","ast-page-background-enabled":"default","ast-page-background-meta":{"desktop":{"background-color":"","background-image":"","background-repeat":"repeat","background-position":"center center","background-size":"auto","background-attachment":"scroll","background-type":"","background-media":"","overlay-type":"","overlay-color":"","overlay-opacity":"","overlay-gradient":""},"tablet":{"background-color":"","background-image":"","background-repeat":"repeat","background-position":"center center","background-size":"auto","background-attachment":"scroll","background-type":"","background-media":"","overlay-type":"","overlay-color":"","overlay-opacity":"","overlay-gradient":""},"mobile":{"background-color":"","background-image":"","background-repeat":"repeat","background-position":"center center","background-size":"auto","background-attachment":"scroll","background-type":"","background-media":"","overlay-type":"","overlay-color":"","overlay-opacity":"","overlay-gradient":""}},"ast-content-background-meta":{"desktop":{"background-color":"var(--ast-global-color-5)","background-image":"","background-repeat":"repeat","background-position":"center center","background-size":"auto","background-attachment":"scroll","background-type":"","background-media":"","overlay-type":"","overlay-color":"","overlay-opacity":"","overlay-gradient":""},"tablet":{"background-color":"var(--ast-global-color-5)","background-image":"","background-repeat":"repeat","background-position":"center center","background-size":"auto","background-attachment":"scroll","background-type":"","background-media":"","overlay-type":"","overlay-color":"","overlay-opacity":"","overlay-gradient":""},"mobile":{"background-color":"var(--ast-global-color-5)","background-image":"","background-repeat":"repeat","background-position":"center center","background-size":"auto","background-attachment":"scroll","background-type":"","background-media":"","overlay-type":"","overlay-color":"","overlay-opacity":"","overlay-gradient":""}},"footnotes":""},"soort":[],"class_list":["post-25293","page","type-page","status-publish","hentry"],"acf":[],"yoast_head":"<!-- This site is optimized with the Yoast SEO plugin v27.4 - https:\/\/yoast.com\/product\/yoast-seo-wordpress\/ -->\n<title>Priv\u00e9 safari&#039;s in Tanzania - Ajabu Adventures<\/title>\n<meta name=\"description\" content=\"Bekijk onze priv\u00e9-safari&#039;s in Tanzania; een ruime keuze aan spannende safari&#039;s, culturele rondreizen, strandvakanties en bergbeklimmingen op de Kilimanjaro\" \/>\n<meta name=\"robots\" content=\"index, follow, max-snippet:-1, max-image-preview:large, max-video-preview:-1\" \/>\n<link rel=\"canonical\" href=\"https:\/\/www.ajabu-adventures.com\/nl\/prive-safaris-in-tanzania\/\" \/>\n<meta property=\"og:locale\" content=\"nl_NL\" \/>\n<meta property=\"og:type\" content=\"article\" \/>\n<meta property=\"og:title\" content=\"Priv\u00e9 safari&#039;s in Tanzania - Ajabu Adventures\" \/>\n<meta property=\"og:description\" content=\"Bekijk onze priv\u00e9-safari&#039;s in Tanzania; een ruime keuze aan spannende safari&#039;s, culturele rondreizen, strandvakanties en bergbeklimmingen op de Kilimanjaro\" \/>\n<meta property=\"og:url\" content=\"https:\/\/www.ajabu-adventures.com\/nl\/prive-safaris-in-tanzania\/\" \/>\n<meta property=\"og:site_name\" content=\"Ajabu Adventures\" \/>\n<meta property=\"article:publisher\" content=\"https:\/\/www.facebook.com\/AjabuAdventures\" \/>\n<meta property=\"article:modified_time\" content=\"2026-03-03T16:04:04+00:00\" \/>\n<meta property=\"og:image\" content=\"https:\/\/www.ajabu-adventures.com\/wordpress\/wp-content\/uploads\/2023\/12\/zebras-grazing-ngorongoro-crater-tanzania.jpg\" \/>\n<meta name=\"twitter:card\" content=\"summary_large_image\" \/>\n<meta name=\"twitter:site\" content=\"@AjabuSafari\" \/>\n<script type=\"application\/ld+json\" class=\"yoast-schema-graph\">{\"@context\":\"https:\\\/\\\/schema.org\",\"@graph\":[{\"@type\":\"WebPage\",\"@id\":\"https:\\\/\\\/www.ajabu-adventures.com\\\/nl\\\/prive-safaris-in-tanzania\\\/\",\"url\":\"https:\\\/\\\/www.ajabu-adventures.com\\\/nl\\\/prive-safaris-in-tanzania\\\/\",\"name\":\"Priv\u00e9 safari's in Tanzania - Ajabu Adventures\",\"isPartOf\":{\"@id\":\"https:\\\/\\\/www.ajabu-adventures.com\\\/nl\\\/#website\"},\"primaryImageOfPage\":{\"@id\":\"https:\\\/\\\/www.ajabu-adventures.com\\\/nl\\\/prive-safaris-in-tanzania\\\/#primaryimage\"},\"image\":{\"@id\":\"https:\\\/\\\/www.ajabu-adventures.com\\\/nl\\\/prive-safaris-in-tanzania\\\/#primaryimage\"},\"thumbnailUrl\":\"https:\\\/\\\/www.ajabu-adventures.com\\\/wp-content\\\/uploads\\\/2023\\\/12\\\/zebras-grazing-ngorongoro-crater-tanzania.jpg\",\"datePublished\":\"2023-08-08T10:02:20+00:00\",\"dateModified\":\"2026-03-03T16:04:04+00:00\",\"description\":\"Bekijk onze priv\u00e9-safari's in Tanzania; een ruime keuze aan spannende safari's, culturele rondreizen, strandvakanties en bergbeklimmingen op de Kilimanjaro\",\"breadcrumb\":{\"@id\":\"https:\\\/\\\/www.ajabu-adventures.com\\\/nl\\\/prive-safaris-in-tanzania\\\/#breadcrumb\"},\"inLanguage\":\"nl-NL\",\"potentialAction\":[{\"@type\":\"ReadAction\",\"target\":[\"https:\\\/\\\/www.ajabu-adventures.com\\\/nl\\\/prive-safaris-in-tanzania\\\/\"]}]},{\"@type\":\"ImageObject\",\"inLanguage\":\"nl-NL\",\"@id\":\"https:\\\/\\\/www.ajabu-adventures.com\\\/nl\\\/prive-safaris-in-tanzania\\\/#primaryimage\",\"url\":\"https:\\\/\\\/www.ajabu-adventures.com\\\/wp-content\\\/uploads\\\/2023\\\/12\\\/zebras-grazing-ngorongoro-crater-tanzania.jpg\",\"contentUrl\":\"https:\\\/\\\/www.ajabu-adventures.com\\\/wp-content\\\/uploads\\\/2023\\\/12\\\/zebras-grazing-ngorongoro-crater-tanzania.jpg\"},{\"@type\":\"BreadcrumbList\",\"@id\":\"https:\\\/\\\/www.ajabu-adventures.com\\\/nl\\\/prive-safaris-in-tanzania\\\/#breadcrumb\",\"itemListElement\":[{\"@type\":\"ListItem\",\"position\":1,\"name\":\"Home\",\"item\":\"https:\\\/\\\/www.ajabu-adventures.com\\\/nl\\\/\"},{\"@type\":\"ListItem\",\"position\":2,\"name\":\"Priv\u00e9 safari&#8217;s in Tanzania\"}]},{\"@type\":\"WebSite\",\"@id\":\"https:\\\/\\\/www.ajabu-adventures.com\\\/nl\\\/#website\",\"url\":\"https:\\\/\\\/www.ajabu-adventures.com\\\/nl\\\/\",\"name\":\"Ajabu Adventures\",\"description\":\"Unlock the secrets of Tanzania.\",\"publisher\":{\"@id\":\"https:\\\/\\\/www.ajabu-adventures.com\\\/nl\\\/#organization\"},\"potentialAction\":[{\"@type\":\"SearchAction\",\"target\":{\"@type\":\"EntryPoint\",\"urlTemplate\":\"https:\\\/\\\/www.ajabu-adventures.com\\\/nl\\\/?s={search_term_string}\"},\"query-input\":{\"@type\":\"PropertyValueSpecification\",\"valueRequired\":true,\"valueName\":\"search_term_string\"}}],\"inLanguage\":\"nl-NL\"},{\"@type\":\"Organization\",\"@id\":\"https:\\\/\\\/www.ajabu-adventures.com\\\/nl\\\/#organization\",\"name\":\"Ajabu Adventures\",\"url\":\"https:\\\/\\\/www.ajabu-adventures.com\\\/nl\\\/\",\"logo\":{\"@type\":\"ImageObject\",\"inLanguage\":\"nl-NL\",\"@id\":\"https:\\\/\\\/www.ajabu-adventures.com\\\/nl\\\/#\\\/schema\\\/logo\\\/image\\\/\",\"url\":\"https:\\\/\\\/www.ajabu-adventures.com\\\/wp-content\\\/uploads\\\/2021\\\/03\\\/logo-ajabu-adventures-transparant.png\",\"contentUrl\":\"https:\\\/\\\/www.ajabu-adventures.com\\\/wp-content\\\/uploads\\\/2021\\\/03\\\/logo-ajabu-adventures-transparant.png\",\"width\":550,\"height\":199,\"caption\":\"Ajabu Adventures\"},\"image\":{\"@id\":\"https:\\\/\\\/www.ajabu-adventures.com\\\/nl\\\/#\\\/schema\\\/logo\\\/image\\\/\"},\"sameAs\":[\"https:\\\/\\\/www.facebook.com\\\/AjabuAdventures\",\"https:\\\/\\\/x.com\\\/AjabuSafari\",\"https:\\\/\\\/www.instagram.com\\\/ajabu.adventures\\\/\"]}]}<\/script>\n<!-- \/ Yoast SEO plugin. -->","yoast_head_json":{"title":"Priv\u00e9 safari's in Tanzania - Ajabu Adventures","description":"Bekijk onze priv\u00e9-safari's in Tanzania; een ruime keuze aan spannende safari's, culturele rondreizen, strandvakanties en bergbeklimmingen op de Kilimanjaro","robots":{"index":"index","follow":"follow","max-snippet":"max-snippet:-1","max-image-preview":"max-image-preview:large","max-video-preview":"max-video-preview:-1"},"canonical":"https:\/\/www.ajabu-adventures.com\/nl\/prive-safaris-in-tanzania\/","og_locale":"nl_NL","og_type":"article","og_title":"Priv\u00e9 safari's in Tanzania - Ajabu Adventures","og_description":"Bekijk onze priv\u00e9-safari's in Tanzania; een ruime keuze aan spannende safari's, culturele rondreizen, strandvakanties en bergbeklimmingen op de Kilimanjaro","og_url":"https:\/\/www.ajabu-adventures.com\/nl\/prive-safaris-in-tanzania\/","og_site_name":"Ajabu Adventures","article_publisher":"https:\/\/www.facebook.com\/AjabuAdventures","article_modified_time":"2026-03-03T16:04:04+00:00","og_image":[{"url":"https:\/\/www.ajabu-adventures.com\/wordpress\/wp-content\/uploads\/2023\/12\/zebras-grazing-ngorongoro-crater-tanzania.jpg","type":"","width":"","height":""}],"twitter_card":"summary_large_image","twitter_site":"@AjabuSafari","schema":{"@context":"https:\/\/schema.org","@graph":[{"@type":"WebPage","@id":"https:\/\/www.ajabu-adventures.com\/nl\/prive-safaris-in-tanzania\/","url":"https:\/\/www.ajabu-adventures.com\/nl\/prive-safaris-in-tanzania\/","name":"Priv\u00e9 safari's in Tanzania - Ajabu Adventures","isPartOf":{"@id":"https:\/\/www.ajabu-adventures.com\/nl\/#website"},"primaryImageOfPage":{"@id":"https:\/\/www.ajabu-adventures.com\/nl\/prive-safaris-in-tanzania\/#primaryimage"},"image":{"@id":"https:\/\/www.ajabu-adventures.com\/nl\/prive-safaris-in-tanzania\/#primaryimage"},"thumbnailUrl":"https:\/\/www.ajabu-adventures.com\/wp-content\/uploads\/2023\/12\/zebras-grazing-ngorongoro-crater-tanzania.jpg","datePublished":"2023-08-08T10:02:20+00:00","dateModified":"2026-03-03T16:04:04+00:00","description":"Bekijk onze priv\u00e9-safari's in Tanzania; een ruime keuze aan spannende safari's, culturele rondreizen, strandvakanties en bergbeklimmingen op de Kilimanjaro","breadcrumb":{"@id":"https:\/\/www.ajabu-adventures.com\/nl\/prive-safaris-in-tanzania\/#breadcrumb"},"inLanguage":"nl-NL","potentialAction":[{"@type":"ReadAction","target":["https:\/\/www.ajabu-adventures.com\/nl\/prive-safaris-in-tanzania\/"]}]},{"@type":"ImageObject","inLanguage":"nl-NL","@id":"https:\/\/www.ajabu-adventures.com\/nl\/prive-safaris-in-tanzania\/#primaryimage","url":"https:\/\/www.ajabu-adventures.com\/wp-content\/uploads\/2023\/12\/zebras-grazing-ngorongoro-crater-tanzania.jpg","contentUrl":"https:\/\/www.ajabu-adventures.com\/wp-content\/uploads\/2023\/12\/zebras-grazing-ngorongoro-crater-tanzania.jpg"},{"@type":"BreadcrumbList","@id":"https:\/\/www.ajabu-adventures.com\/nl\/prive-safaris-in-tanzania\/#breadcrumb","itemListElement":[{"@type":"ListItem","position":1,"name":"Home","item":"https:\/\/www.ajabu-adventures.com\/nl\/"},{"@type":"ListItem","position":2,"name":"Priv\u00e9 safari&#8217;s in Tanzania"}]},{"@type":"WebSite","@id":"https:\/\/www.ajabu-adventures.com\/nl\/#website","url":"https:\/\/www.ajabu-adventures.com\/nl\/","name":"Ajabu Adventures","description":"Unlock the secrets of Tanzania.","publisher":{"@id":"https:\/\/www.ajabu-adventures.com\/nl\/#organization"},"potentialAction":[{"@type":"SearchAction","target":{"@type":"EntryPoint","urlTemplate":"https:\/\/www.ajabu-adventures.com\/nl\/?s={search_term_string}"},"query-input":{"@type":"PropertyValueSpecification","valueRequired":true,"valueName":"search_term_string"}}],"inLanguage":"nl-NL"},{"@type":"Organization","@id":"https:\/\/www.ajabu-adventures.com\/nl\/#organization","name":"Ajabu Adventures","url":"https:\/\/www.ajabu-adventures.com\/nl\/","logo":{"@type":"ImageObject","inLanguage":"nl-NL","@id":"https:\/\/www.ajabu-adventures.com\/nl\/#\/schema\/logo\/image\/","url":"https:\/\/www.ajabu-adventures.com\/wp-content\/uploads\/2021\/03\/logo-ajabu-adventures-transparant.png","contentUrl":"https:\/\/www.ajabu-adventures.com\/wp-content\/uploads\/2021\/03\/logo-ajabu-adventures-transparant.png","width":550,"height":199,"caption":"Ajabu Adventures"},"image":{"@id":"https:\/\/www.ajabu-adventures.com\/nl\/#\/schema\/logo\/image\/"},"sameAs":["https:\/\/www.facebook.com\/AjabuAdventures","https:\/\/x.com\/AjabuSafari","https:\/\/www.instagram.com\/ajabu.adventures\/"]}]}},"_links":{"self":[{"href":"https:\/\/www.ajabu-adventures.com\/nl\/wp-json\/wp\/v2\/pages\/25293","targetHints":{"allow":["GET"]}}],"collection":[{"href":"https:\/\/www.ajabu-adventures.com\/nl\/wp-json\/wp\/v2\/pages"}],"about":[{"href":"https:\/\/www.ajabu-adventures.com\/nl\/wp-json\/wp\/v2\/types\/page"}],"author":[{"embeddable":true,"href":"https:\/\/www.ajabu-adventures.com\/nl\/wp-json\/wp\/v2\/users\/4"}],"replies":[{"embeddable":true,"href":"https:\/\/www.ajabu-adventures.com\/nl\/wp-json\/wp\/v2\/comments?post=25293"}],"version-history":[{"count":3,"href":"https:\/\/www.ajabu-adventures.com\/nl\/wp-json\/wp\/v2\/pages\/25293\/revisions"}],"predecessor-version":[{"id":28247,"href":"https:\/\/www.ajabu-adventures.com\/nl\/wp-json\/wp\/v2\/pages\/25293\/revisions\/28247"}],"wp:attachment":[{"href":"https:\/\/www.ajabu-adventures.com\/nl\/wp-json\/wp\/v2\/media?parent=25293"}],"wp:term":[{"taxonomy":"soort","embeddable":true,"href":"https:\/\/www.ajabu-adventures.com\/nl\/wp-json\/wp\/v2\/soort?post=25293"}],"curies":[{"name":"wp","href":"https:\/\/api.w.org\/{rel}","templated":true}]}}