{"id":25332,"date":"2023-09-25T11:56:28","date_gmt":"2023-09-25T11:56:28","guid":{"rendered":"https:\/\/www.ajabu-adventures.com\/parc-national-du-serengeti\/"},"modified":"2023-12-19T21:49:25","modified_gmt":"2023-12-19T21:49:25","slug":"parc-national-du-serengeti","status":"publish","type":"page","link":"https:\/\/www.ajabu-adventures.com\/fr\/parc-national-du-serengeti\/","title":{"rendered":"Parc national du Serengeti"},"content":{"rendered":"\n\n\t<h1>\n\t\t\t\tParc national du Serengeti\n\t\t\t<\/h1>\n\t<h2>\n\t\t\t\tParc national du Serengeti\n\t\t\t<\/h2>\n\t\t\t<p>Des plaines \u00e0 perte de vue, des couchers de soleil spectaculaires, l&rsquo;odeur de la nature africaine et le rugissement des lions au loin. Le Serengeti est le parc le plus c\u00e9l\u00e8bre d&rsquo;Afrique. Lors d&rsquo;un safari priv\u00e9, vous vous laisserez s\u00e9duire par une vari\u00e9t\u00e9 fascinante d&rsquo;animaux sauvages, de paysages et de vues \u00e0 l&rsquo;infini.  <\/p>\t\n<h4>\n\t\tLes cinq grands\n\t<\/h4>\n\t<p>Le Serengeti est r\u00e9put\u00e9 pour son incroyable concentration d&rsquo;animaux sauvages, en particulier les \u00ab\u00a0Big Five\u00a0\u00bb : lions, l\u00e9opards, \u00e9l\u00e9phants, rhinoc\u00e9ros et buffles. Sans oublier les crocodiles, les hippopotames, les gu\u00e9pards, les girafes, les hy\u00e8nes, les chiens sauvages, les autruches, les babouins et 500 esp\u00e8ces d&rsquo;oiseaux. La vari\u00e9t\u00e9 et l&rsquo;abondance de la faune et de la flore sont in\u00e9gal\u00e9es en Afrique.  <\/p>\n<h4>\n\t\tGrande migration\n\t<\/h4>\n\t<p>Le parc national du Serengeti et ses environs abritent l&rsquo;un des \u00e9v\u00e9nements les plus impressionnants de la nature : la <a href=\"https:\/\/www.ajabu-adventures.com\/fr\/le-guide-de-la-migration-des-gnous\/\">c\u00e9l\u00e8bre grande migration des gnous<\/a>. Chaque ann\u00e9e, de vastes troupeaux de mammif\u00e8res \u00e0 sabots traversent les plaines, avec plus de 2 millions de gnous, un demi-million de gazelles et un quart de million de z\u00e8bres qui migrent. Tous \u00e0 la recherche de nourriture fra\u00eeche et d&rsquo;eau. C&rsquo;est une exp\u00e9rience \u00e9tonnante que de voir tous ces herbivores, suivis de leurs pr\u00e9dateurs, migrer du nord au sud.<\/p>\n<h4>\n\t\tVari\u00e9t\u00e9 de paysages\n\t<\/h4>\n\t<p>Le parc national du Serengeti couvre une superficie de 14.750 kilom\u00e8tres carr\u00e9s. Son paysage varie de plaines herbeuses ouvertes au sud, de savanes avec des acacias au centre, de prairies vallonn\u00e9es au nord \u00e0 de vastes for\u00eats et des plaines d&rsquo;argile noire \u00e0 l&rsquo;ouest. De petites rivi\u00e8res, des lacs et des mar\u00e9cages sont diss\u00e9min\u00e9s un peu partout. Chaque r\u00e9gion poss\u00e8de une atmosph\u00e8re et une faune particuli\u00e8res.   <\/p>\n<h4>\n\t\t\u00c9cosyst\u00e8me\n\t<\/h4>\n\t<p>Le parc national est \u00e0 peu pr\u00e8s aussi grand que l&rsquo;Irlande du Nord. Mais son \u00e9cosyst\u00e8me, qui comprend notamment la zone de conservation du Ngorongoro, est m\u00eame de la taille du Kowe\u00eft. Il se situe entre les rives du lac Victoria \u00e0 l&rsquo;ouest, du lac Eyasi au sud et de la vall\u00e9e du Grand Rift \u00e0 l&rsquo;est. En tant que tel, le Serengeti offre l&rsquo;\u00e9cosyst\u00e8me le plus complexe et le moins perturb\u00e9 de la plan\u00e8te. Il d\u00e9passe toutes les attentes et vous coupe le souffle.    <\/p>\n\n","protected":false},"excerpt":{"rendered":"<p>Parc national du Serengeti Parc national du Serengeti Des plaines \u00e0 perte de vue, des couchers de soleil spectaculaires, l&rsquo;odeur de la nature africaine et le rugissement des lions au loin. Le Serengeti est le parc le plus c\u00e9l\u00e8bre d&rsquo;Afrique. Lors d&rsquo;un safari priv\u00e9, vous vous laisserez s\u00e9duire par une vari\u00e9t\u00e9 fascinante d&rsquo;animaux sauvages, de [&hellip;]<\/p>\n","protected":false},"author":6,"featured_media":0,"parent":0,"menu_order":0,"comment_status":"closed","ping_status":"closed","template":"","meta":{"_acf_changed":false,"site-sidebar-layout":"no-sidebar","site-content-layout":"page-builder","ast-site-content-layout":"default","site-content-style":"default","site-sidebar-style":"default","ast-global-header-display":"","ast-banner-title-visibility":"","ast-main-header-display":"","ast-hfb-above-header-display":"","ast-hfb-below-header-display":"","ast-hfb-mobile-header-display":"","site-post-title":"disabled","ast-breadcrumbs-content":"","ast-featured-img":"disabled","footer-sml-layout":"","ast-disable-related-posts":"","theme-transparent-header-meta":"default","adv-header-id-meta":"","stick-header-meta":"","header-above-stick-meta":"","header-main-stick-meta":"","header-below-stick-meta":"","astra-migrate-meta-layouts":"default","ast-page-background-enabled":"default","ast-page-background-meta":{"desktop":{"background-color":"","background-image":"","background-repeat":"repeat","background-position":"center center","background-size":"auto","background-attachment":"scroll","background-type":"","background-media":"","overlay-type":"","overlay-color":"","overlay-opacity":"","overlay-gradient":""},"tablet":{"background-color":"","background-image":"","background-repeat":"repeat","background-position":"center center","background-size":"auto","background-attachment":"scroll","background-type":"","background-media":"","overlay-type":"","overlay-color":"","overlay-opacity":"","overlay-gradient":""},"mobile":{"background-color":"","background-image":"","background-repeat":"repeat","background-position":"center center","background-size":"auto","background-attachment":"scroll","background-type":"","background-media":"","overlay-type":"","overlay-color":"","overlay-opacity":"","overlay-gradient":""}},"ast-content-background-meta":{"desktop":{"background-color":"var(--ast-global-color-5)","background-image":"","background-repeat":"repeat","background-position":"center center","background-size":"auto","background-attachment":"scroll","background-type":"","background-media":"","overlay-type":"","overlay-color":"","overlay-opacity":"","overlay-gradient":""},"tablet":{"background-color":"var(--ast-global-color-5)","background-image":"","background-repeat":"repeat","background-position":"center center","background-size":"auto","background-attachment":"scroll","background-type":"","background-media":"","overlay-type":"","overlay-color":"","overlay-opacity":"","overlay-gradient":""},"mobile":{"background-color":"var(--ast-global-color-5)","background-image":"","background-repeat":"repeat","background-position":"center center","background-size":"auto","background-attachment":"scroll","background-type":"","background-media":"","overlay-type":"","overlay-color":"","overlay-opacity":"","overlay-gradient":""}},"footnotes":""},"soort":[],"class_list":["post-25332","page","type-page","status-publish","hentry"],"acf":[],"yoast_head":"<!-- This site is optimized with the Yoast SEO plugin v27.4 - https:\/\/yoast.com\/product\/yoast-seo-wordpress\/ -->\n<title>Parc national du Serengeti - Ajabu Adventures<\/title>\n<meta name=\"description\" content=\"Rep\u00e9rez les &quot;Big Five&quot; et l&#039;impressionnante Grande Migration lors de votre safari priv\u00e9 dans le parc national du Serengeti, le parc le plus c\u00e9l\u00e8bre d&#039;Afrique.\" \/>\n<meta name=\"robots\" content=\"index, follow, max-snippet:-1, max-image-preview:large, max-video-preview:-1\" \/>\n<link rel=\"canonical\" href=\"https:\/\/www.ajabu-adventures.com\/fr\/parc-national-du-serengeti\/\" \/>\n<meta property=\"og:locale\" content=\"fr_FR\" \/>\n<meta property=\"og:type\" content=\"article\" \/>\n<meta property=\"og:title\" content=\"Parc national du Serengeti - Ajabu Adventures\" \/>\n<meta property=\"og:description\" content=\"Rep\u00e9rez les &quot;Big Five&quot; et l&#039;impressionnante Grande Migration lors de votre safari priv\u00e9 dans le parc national du Serengeti, le parc le plus c\u00e9l\u00e8bre d&#039;Afrique.\" \/>\n<meta property=\"og:url\" content=\"https:\/\/www.ajabu-adventures.com\/fr\/parc-national-du-serengeti\/\" \/>\n<meta property=\"og:site_name\" content=\"Ajabu Adventures\" \/>\n<meta property=\"article:publisher\" content=\"https:\/\/www.facebook.com\/AjabuAdventures\" \/>\n<meta property=\"article:modified_time\" content=\"2023-12-19T21:49:25+00:00\" \/>\n<meta property=\"og:image\" content=\"https:\/\/www.ajabu-adventures.com\/wp-content\/uploads\/2023\/08\/private-safari-adventure-ajabu-adventures-header.jpg\" \/>\n\t<meta property=\"og:image:width\" content=\"2400\" \/>\n\t<meta property=\"og:image:height\" content=\"1349\" \/>\n\t<meta property=\"og:image:type\" content=\"image\/jpeg\" \/>\n<meta name=\"twitter:card\" content=\"summary_large_image\" \/>\n<meta name=\"twitter:site\" content=\"@AjabuSafari\" \/>\n<meta name=\"twitter:label1\" content=\"Dur\u00e9e de lecture estim\u00e9e\" \/>\n\t<meta name=\"twitter:data1\" content=\"2 minutes\" \/>\n<script type=\"application\/ld+json\" class=\"yoast-schema-graph\">{\"@context\":\"https:\\\/\\\/schema.org\",\"@graph\":[{\"@type\":\"WebPage\",\"@id\":\"https:\\\/\\\/www.ajabu-adventures.com\\\/fr\\\/parc-national-du-serengeti\\\/\",\"url\":\"https:\\\/\\\/www.ajabu-adventures.com\\\/fr\\\/parc-national-du-serengeti\\\/\",\"name\":\"Parc national du Serengeti - Ajabu Adventures\",\"isPartOf\":{\"@id\":\"https:\\\/\\\/www.ajabu-adventures.com\\\/fr\\\/#website\"},\"datePublished\":\"2023-09-25T11:56:28+00:00\",\"dateModified\":\"2023-12-19T21:49:25+00:00\",\"description\":\"Rep\u00e9rez les \\\"Big Five\\\" et l'impressionnante Grande Migration lors de votre safari priv\u00e9 dans le parc national du Serengeti, le parc le plus c\u00e9l\u00e8bre d'Afrique.\",\"breadcrumb\":{\"@id\":\"https:\\\/\\\/www.ajabu-adventures.com\\\/fr\\\/parc-national-du-serengeti\\\/#breadcrumb\"},\"inLanguage\":\"fr-FR\",\"potentialAction\":[{\"@type\":\"ReadAction\",\"target\":[\"https:\\\/\\\/www.ajabu-adventures.com\\\/fr\\\/parc-national-du-serengeti\\\/\"]}]},{\"@type\":\"BreadcrumbList\",\"@id\":\"https:\\\/\\\/www.ajabu-adventures.com\\\/fr\\\/parc-national-du-serengeti\\\/#breadcrumb\",\"itemListElement\":[{\"@type\":\"ListItem\",\"position\":1,\"name\":\"Home\",\"item\":\"https:\\\/\\\/www.ajabu-adventures.com\\\/fr\\\/page-daccueil\\\/\"},{\"@type\":\"ListItem\",\"position\":2,\"name\":\"Parc national du Serengeti\"}]},{\"@type\":\"WebSite\",\"@id\":\"https:\\\/\\\/www.ajabu-adventures.com\\\/fr\\\/#website\",\"url\":\"https:\\\/\\\/www.ajabu-adventures.com\\\/fr\\\/\",\"name\":\"Ajabu Adventures\",\"description\":\"Unlock the secrets of Tanzania.\",\"publisher\":{\"@id\":\"https:\\\/\\\/www.ajabu-adventures.com\\\/fr\\\/#organization\"},\"potentialAction\":[{\"@type\":\"SearchAction\",\"target\":{\"@type\":\"EntryPoint\",\"urlTemplate\":\"https:\\\/\\\/www.ajabu-adventures.com\\\/fr\\\/?s={search_term_string}\"},\"query-input\":{\"@type\":\"PropertyValueSpecification\",\"valueRequired\":true,\"valueName\":\"search_term_string\"}}],\"inLanguage\":\"fr-FR\"},{\"@type\":\"Organization\",\"@id\":\"https:\\\/\\\/www.ajabu-adventures.com\\\/fr\\\/#organization\",\"name\":\"Ajabu Adventures\",\"url\":\"https:\\\/\\\/www.ajabu-adventures.com\\\/fr\\\/\",\"logo\":{\"@type\":\"ImageObject\",\"inLanguage\":\"fr-FR\",\"@id\":\"https:\\\/\\\/www.ajabu-adventures.com\\\/fr\\\/#\\\/schema\\\/logo\\\/image\\\/\",\"url\":\"https:\\\/\\\/www.ajabu-adventures.com\\\/wp-content\\\/uploads\\\/2021\\\/03\\\/logo-ajabu-adventures-transparant.png\",\"contentUrl\":\"https:\\\/\\\/www.ajabu-adventures.com\\\/wp-content\\\/uploads\\\/2021\\\/03\\\/logo-ajabu-adventures-transparant.png\",\"width\":550,\"height\":199,\"caption\":\"Ajabu Adventures\"},\"image\":{\"@id\":\"https:\\\/\\\/www.ajabu-adventures.com\\\/fr\\\/#\\\/schema\\\/logo\\\/image\\\/\"},\"sameAs\":[\"https:\\\/\\\/www.facebook.com\\\/AjabuAdventures\",\"https:\\\/\\\/x.com\\\/AjabuSafari\",\"https:\\\/\\\/www.instagram.com\\\/ajabu.adventures\\\/\"]}]}<\/script>\n<!-- \/ Yoast SEO plugin. -->","yoast_head_json":{"title":"Parc national du Serengeti - Ajabu Adventures","description":"Rep\u00e9rez les \"Big Five\" et l'impressionnante Grande Migration lors de votre safari priv\u00e9 dans le parc national du Serengeti, le parc le plus c\u00e9l\u00e8bre d'Afrique.","robots":{"index":"index","follow":"follow","max-snippet":"max-snippet:-1","max-image-preview":"max-image-preview:large","max-video-preview":"max-video-preview:-1"},"canonical":"https:\/\/www.ajabu-adventures.com\/fr\/parc-national-du-serengeti\/","og_locale":"fr_FR","og_type":"article","og_title":"Parc national du Serengeti - Ajabu Adventures","og_description":"Rep\u00e9rez les \"Big Five\" et l'impressionnante Grande Migration lors de votre safari priv\u00e9 dans le parc national du Serengeti, le parc le plus c\u00e9l\u00e8bre d'Afrique.","og_url":"https:\/\/www.ajabu-adventures.com\/fr\/parc-national-du-serengeti\/","og_site_name":"Ajabu Adventures","article_publisher":"https:\/\/www.facebook.com\/AjabuAdventures","article_modified_time":"2023-12-19T21:49:25+00:00","og_image":[{"width":2400,"height":1349,"url":"https:\/\/www.ajabu-adventures.com\/wp-content\/uploads\/2023\/08\/private-safari-adventure-ajabu-adventures-header.jpg","type":"image\/jpeg"}],"twitter_card":"summary_large_image","twitter_site":"@AjabuSafari","twitter_misc":{"Dur\u00e9e de lecture estim\u00e9e":"2 minutes"},"schema":{"@context":"https:\/\/schema.org","@graph":[{"@type":"WebPage","@id":"https:\/\/www.ajabu-adventures.com\/fr\/parc-national-du-serengeti\/","url":"https:\/\/www.ajabu-adventures.com\/fr\/parc-national-du-serengeti\/","name":"Parc national du Serengeti - Ajabu Adventures","isPartOf":{"@id":"https:\/\/www.ajabu-adventures.com\/fr\/#website"},"datePublished":"2023-09-25T11:56:28+00:00","dateModified":"2023-12-19T21:49:25+00:00","description":"Rep\u00e9rez les \"Big Five\" et l'impressionnante Grande Migration lors de votre safari priv\u00e9 dans le parc national du Serengeti, le parc le plus c\u00e9l\u00e8bre d'Afrique.","breadcrumb":{"@id":"https:\/\/www.ajabu-adventures.com\/fr\/parc-national-du-serengeti\/#breadcrumb"},"inLanguage":"fr-FR","potentialAction":[{"@type":"ReadAction","target":["https:\/\/www.ajabu-adventures.com\/fr\/parc-national-du-serengeti\/"]}]},{"@type":"BreadcrumbList","@id":"https:\/\/www.ajabu-adventures.com\/fr\/parc-national-du-serengeti\/#breadcrumb","itemListElement":[{"@type":"ListItem","position":1,"name":"Home","item":"https:\/\/www.ajabu-adventures.com\/fr\/page-daccueil\/"},{"@type":"ListItem","position":2,"name":"Parc national du Serengeti"}]},{"@type":"WebSite","@id":"https:\/\/www.ajabu-adventures.com\/fr\/#website","url":"https:\/\/www.ajabu-adventures.com\/fr\/","name":"Ajabu Adventures","description":"Unlock the secrets of Tanzania.","publisher":{"@id":"https:\/\/www.ajabu-adventures.com\/fr\/#organization"},"potentialAction":[{"@type":"SearchAction","target":{"@type":"EntryPoint","urlTemplate":"https:\/\/www.ajabu-adventures.com\/fr\/?s={search_term_string}"},"query-input":{"@type":"PropertyValueSpecification","valueRequired":true,"valueName":"search_term_string"}}],"inLanguage":"fr-FR"},{"@type":"Organization","@id":"https:\/\/www.ajabu-adventures.com\/fr\/#organization","name":"Ajabu Adventures","url":"https:\/\/www.ajabu-adventures.com\/fr\/","logo":{"@type":"ImageObject","inLanguage":"fr-FR","@id":"https:\/\/www.ajabu-adventures.com\/fr\/#\/schema\/logo\/image\/","url":"https:\/\/www.ajabu-adventures.com\/wp-content\/uploads\/2021\/03\/logo-ajabu-adventures-transparant.png","contentUrl":"https:\/\/www.ajabu-adventures.com\/wp-content\/uploads\/2021\/03\/logo-ajabu-adventures-transparant.png","width":550,"height":199,"caption":"Ajabu Adventures"},"image":{"@id":"https:\/\/www.ajabu-adventures.com\/fr\/#\/schema\/logo\/image\/"},"sameAs":["https:\/\/www.facebook.com\/AjabuAdventures","https:\/\/x.com\/AjabuSafari","https:\/\/www.instagram.com\/ajabu.adventures\/"]}]}},"_links":{"self":[{"href":"https:\/\/www.ajabu-adventures.com\/fr\/wp-json\/wp\/v2\/pages\/25332","targetHints":{"allow":["GET"]}}],"collection":[{"href":"https:\/\/www.ajabu-adventures.com\/fr\/wp-json\/wp\/v2\/pages"}],"about":[{"href":"https:\/\/www.ajabu-adventures.com\/fr\/wp-json\/wp\/v2\/types\/page"}],"author":[{"embeddable":true,"href":"https:\/\/www.ajabu-adventures.com\/fr\/wp-json\/wp\/v2\/users\/6"}],"replies":[{"embeddable":true,"href":"https:\/\/www.ajabu-adventures.com\/fr\/wp-json\/wp\/v2\/comments?post=25332"}],"version-history":[{"count":0,"href":"https:\/\/www.ajabu-adventures.com\/fr\/wp-json\/wp\/v2\/pages\/25332\/revisions"}],"wp:attachment":[{"href":"https:\/\/www.ajabu-adventures.com\/fr\/wp-json\/wp\/v2\/media?parent=25332"}],"wp:term":[{"taxonomy":"soort","embeddable":true,"href":"https:\/\/www.ajabu-adventures.com\/fr\/wp-json\/wp\/v2\/soort?post=25332"}],"curies":[{"name":"wp","href":"https:\/\/api.w.org\/{rel}","templated":true}]}}