{"id":25318,"date":"2023-08-14T18:43:57","date_gmt":"2023-08-14T18:43:57","guid":{"rendered":"https:\/\/www.ajabu-adventures.com\/conservation-des-lions\/"},"modified":"2024-02-19T13:32:32","modified_gmt":"2024-02-19T13:32:32","slug":"conservation-des-lions-de-ngorongoro-avec-kopelion","status":"publish","type":"page","link":"https:\/\/www.ajabu-adventures.com\/fr\/conservation-des-lions-de-ngorongoro-avec-kopelion\/","title":{"rendered":"Conservation des lions"},"content":{"rendered":"\n\n\t<h1>\n\t\t\t\tConservation des lions du Ngorongoro\n\t\t\t<\/h1>\n\t<h5>\n\t\t\t\tavec KopeLion\n\t\t\t<\/h5>\n\t<p><strong>Il n&rsquo;y a rien de plus excitant que d&rsquo;observer un lion de pr\u00e8s. Le roi des animaux, avec ses pattes majestueuses et ses yeux per\u00e7ants. Et probablement l&rsquo;animal le plus recherch\u00e9 lors d&rsquo;un safari priv\u00e9.  <\/strong><\/p>\n<h2>\n\t\tSymbole de l&rsquo;Afrique\n\t<\/h2>\n\t<p>Bien que <strong>la Tanzanie soit le meilleur endroit pour photographier les lions<\/strong>, avec la plus grande population de toute l&rsquo;Afrique, ces grands f\u00e9lins sont en grand danger. Ils ont perdu plus de 90 % de leur aire de r\u00e9partition historique. On estime qu&rsquo;il ne reste plus que 20.000 lions \u00e0 l&rsquo;\u00e9tat sauvage, contre 400.000 en 1950.<\/p>\n<p>En raison de la perte d&rsquo;habitat, de la chasse au troph\u00e9e, du braconnage et des conflits entre l&rsquo;homme et la faune, le \u00ab\u00a0roi de la jungle\u00a0\u00bb est en train de dispara\u00eetre discr\u00e8tement. La coexistence de la faune sauvage et des \u00e9leveurs traditionnels est devenue un v\u00e9ritable d\u00e9fi.<\/p>\n<p>Pendant des d\u00e9cennies, les Maasai ont v\u00e9cu aux c\u00f4t\u00e9s des animaux sauvages. Mais l&rsquo;augmentation de la population humaine s&rsquo;accompagne de conflits. Le b\u00e9tail est tout pour une famille masa\u00ef, sa principale source de nourriture et de revenus. C&rsquo;est pourquoi ils prot\u00e8gent farouchement leur b\u00e9tail contre tout pr\u00e9dateur susceptible de s&rsquo;attaquer \u00e0 un repas facile.<\/p>\n<h2>\n\t\tVivre en harmonie avec les lions\n\t<\/h2>\n\t<p>Heureusement, il reste un peu d&rsquo;espoir pour les lions de la zone de conservation de Ngorongoro, gr\u00e2ce \u00e0 <a href=\"https:\/\/kopelion.org\/\" target=\"_blank\" rel=\"noopener\">KopeLion<\/a>. Fond\u00e9e en 2011 par Ingela Jansson, \u00e9galement connue sous le nom de \u00ab\u00a0Mama Simba\u00a0\u00bb, cette organisation \u00e0 but non lucratif travaille en \u00e9troite collaboration avec les communaut\u00e9s locales pour prot\u00e9ger leur b\u00e9tail et trouver des moyens de vivre en harmonie avec les lions.<\/p>\n<p>Tout d&rsquo;abord, <strong>KopeLion suit et observe les lions<\/strong>. \u00c0 l&rsquo;aide de colliers GPS, l&rsquo;\u00e9quipe de recherche est en mesure de suivre leurs d\u00e9placements et d&rsquo;\u00e9tudier comment ils s&rsquo;adaptent \u00e0 la vie parmi les \u00eatres humains. Leur objectif est d&rsquo;\u00e9tablir un corridor s\u00fbr entre la zone de conservation du Ngorongoro et le parc national du Serengeti, o\u00f9 les lions pourront se d\u00e9placer librement sans risque de conflits entre l&rsquo;homme et la faune.<\/p>\n<p>\u00c0 l&rsquo;heure actuelle, six lions ont \u00e9t\u00e9 munis d&rsquo;un collier et se d\u00e9placent dans la zone et parfois dans le crat\u00e8re du Ngorongoro. L&rsquo;\u00e9quipe de recherche passe \u00e9galement du temps dans le crat\u00e8re \u00e0 surveiller ces points chauds pour les lions, ainsi que les femelles et les troupeaux qui y r\u00e9sident.<\/p>\n\t<h2>\n\t\t\t\tGardiens du lion\n\t\t\t<\/h2>\n\t<p>KopeLion ne se limite pas \u00e0 la recherche sur les lions, mais se concentre \u00e9galement sur le b\u00e9n\u00e9fice des communaut\u00e9s locales. Dans chaque village, un guerrier masa\u00ef local est form\u00e9 pour devenir un <strong>\u00ab\u00a0ilchokuti\u00a0\u00bb, un protecteur des lions<\/strong>. Il travaille main dans la main avec l&rsquo;\u00e9quipe de KopeLion pour avertir les \u00e9leveurs masa\u00ef de la pr\u00e9sence d&rsquo;un lion dans les environs. Il aide \u00e0 retrouver le b\u00e9tail \u00e9gar\u00e9 et participe aux soins v\u00e9t\u00e9rinaires pour le b\u00e9tail bless\u00e9. Le gardien utilise \u00e9galement ses comp\u00e9tences en mati\u00e8re de communication et sa respectabilit\u00e9 pour favoriser la compr\u00e9hension entre les membres de la communaut\u00e9 et emp\u00eacher les bergers d&rsquo;exercer des repr\u00e9sailles.<\/p>\n<p>Actuellement, KopeLion travaille avec 17 villages dans la zone de conservation de Ngorongoro, chacun \u00e9tant repr\u00e9sent\u00e9 par un \u00ab\u00a0ilchokuti\u00a0\u00bb. Cependant, cette zone est en train de s&rsquo;\u00e9tendre en raison du nombre de lions dans les zones communautaires.<\/p>\n<h2>\n\t\tPartenariat avec KopeLion Tanzanie\n\t<\/h2>\n\t<p>Pour contribuer \u00e0 la survie des lions, nous avons d\u00e9cid\u00e9 de soutenir les projets de KopeLion. Pour <strong>chaque voyageur avec Ajabu Adventures, nous ferons un don<\/strong> de 5$ par personne. \u00c0 la fin de l&rsquo;ann\u00e9e, nous ajouterons une contribution financi\u00e8re suppl\u00e9mentaire. De plus, nous nous engageons \u00e0 accro\u00eetre la sensibilisation \u00e0 la conservation des lions et \u00e0 impliquer davantage de personnes, telles que les communaut\u00e9s environnantes et les \u00e9coles.<\/p>\n<p>KopeLion s&rsquo;est rendu dans nos locaux pour faire une pr\u00e9sentation \u00e0 toute l&rsquo;\u00e9quipe d&rsquo;Ajabu Adventures, y compris \u00e0 nos guides de safari, afin de partager leurs connaissances et leur exp\u00e9rience. Ainsi, lorsque vous voyagez avec Ajabu Adventures, <strong>votre guide de safari peut vous en dire beaucoup plus<\/strong> sur leur travail, les lions individuels qui sont suivis, leur comportement et les derniers d\u00e9veloppements.<\/p>\n<h2>\n\t\tPourquoi KopeLion ?\n\t<\/h2>\n\t<p>Il existe un grand nombre d&rsquo;organisations \u00e0 but non lucratif dans le monde, chacune d&rsquo;entre elles travaillant dur et apportant son soutien \u00e0 la conservation de la faune et de la flore. Pourquoi avons-nous choisi KopeLion ? <\/p>\n<ul>\n<li>D\u00e9fendre la <strong>protection des lions<\/strong> dans la zone de conservation du Ngorongoro<\/li>\n<li><strong>Responsabiliser les communaut\u00e9s locales<\/strong> en leur fournissant des emplois et en les faisant participer aux projets, tout en respectant leurs traditions et leur culture<\/li>\n<li>Recommand\u00e9 par l&rsquo;un de nos guides de safari, ce qui signifie que KopeLion est tr\u00e8s <strong>pr\u00e9sent et actif<\/strong> sur le terrain<\/li>\n<li>Organisation \u00e0 but non lucratif <strong>transparente<\/strong> <strong>et relativement petite<\/strong> , la plupart des <a href=\"https:\/\/kopelion.org\/kopelion-team\/\" target=\"_blank\" rel=\"noopener\">membres de l&rsquo;\u00e9quipe<\/a> sont des r\u00e9sidents locaux de la r\u00e9gion de Ngorongoro<\/li>\n<li><strong>Facile \u00e0 approcher<\/strong>, sa porte est toujours ouverte pour la communication et les mises \u00e0 jour en provenance du terrain<\/li>\n<\/ul>\n\t<h3>\n\t\t\t\tDevenez vous aussi un gardien du lion !\n\t\t\t<\/h3>\n\t\t\t<p>Le travail de KopeLion vous touche autant que nous? Rejoignez-nous dans nos efforts de conservation, aussi petits soient-ils, et aidez-nous \u00e0 sauver les lions pour les g\u00e9n\u00e9rations futures!<\/p>\t\n<h2>\n\t\tSuggestions pour participer\n\t<\/h2>\n\t<ol>\n<li><strong>R\u00e9servez un safari priv\u00e9 avec Ajabu Adventures<\/strong> et visitez la maison du \u00ab\u00a0Roi Lion\u00a0\u00bb. Avec votre safari, vous contribuerez automatiquement \u00e0 hauteur de 5 dollars par voyageur \u00e0 KopeLion. Suivez-nous sur <a href=\"https:\/\/www.facebook.com\/AjabuAdventures\/\" target=\"_blank\" rel=\"noopener\">Facebook<\/a> ou <a href=\"https:\/\/www.instagram.com\/ajabu.adventures\/\" target=\"_blank\" rel=\"noopener\">Instagram<\/a> pour des mises \u00e0 jour r\u00e9guli\u00e8res sur les projets concernant les lions.<\/li>\n<li><a href=\"https:\/\/kopelion.org\/donate\/\" target=\"_blank\" rel=\"noopener\">Compl\u00e9tez notre don<\/a> (ou allez au-del\u00e0 !) en l&rsquo;envoyant directement \u00e0 KopeLion. Tout montant est le bienvenu et KopeLion veillera \u00e0 ce que votre pr\u00e9cieux soutien soit directement converti en r\u00e9sultats de conservation.<\/li>\n<li><strong>Prenez une photo en gros plan<\/strong> des lions que vous apercevez dans la zone de conservation du Ngorongoro et partagez-la avec l&rsquo;\u00e9quipe de KopeLion. Ils peuvent reconna\u00eetre les lions gr\u00e2ce \u00e0 leurs taches de moustaches uniques, \u00e0 leurs oreilles \u00e9chancr\u00e9es et \u00e0 leurs cicatrices, ce qui les aide \u00e0 suivre leurs d\u00e9placements. Vous pouvez commencer \u00e0 vous pr\u00e9parer d\u00e8s maintenant en <a href=\"https:\/\/kopelion.org\/meet-the-lions\/\" target=\"_blank\" rel=\"noopener\">rencontrant les diff\u00e9rents lions ici !<\/a><\/li>\n<li><strong>Sensibilisez<\/strong> votre communaut\u00e9. Informez votre famille et vos amis, et engagez les gens via les m\u00e9dias sociaux. <strong>Impliquez vos enfants<\/strong> et rendez la chose amusante. Ce serait g\u00e9nial de faire un expos\u00e9 sur les lions en classe ! En collaboration avec KopeLion, nous serons ravis de partager avec vous des outils et des ressources utiles et int\u00e9ressants pour vous aider dans vos efforts.<\/li>\n<\/ol>\n\t<h3>\n\t\t\t\tVous pr\u00e9voyez un safari au Ngorongoro? \n\t\t\t<\/h3>\n\t<h5>\n\t\t\t\tContactez-nous pour vous impliquer davantage lors de votre safari en Tanzanie\n\t\t\t<\/h5>\n\t\t\t<a href=\"https:\/\/www.ajabu-adventures.com\/fr\/reservez-votre-safari-prive-en-tanzanie\/\" target=\"_self\" role=\"button\" aria-label=\"Demander une offre\" rel=\"noopener\">\n\t\t\t\t\t\t\tDemander une offre\n\t\t<\/a>\n\n","protected":false},"excerpt":{"rendered":"<p>Conservation des lions du Ngorongoro avec KopeLion Il n&rsquo;y a rien de plus excitant que d&rsquo;observer un lion de pr\u00e8s. Le roi des animaux, avec ses pattes majestueuses et ses yeux per\u00e7ants. Et probablement l&rsquo;animal le plus recherch\u00e9 lors d&rsquo;un safari priv\u00e9. Symbole de l&rsquo;Afrique Bien que la Tanzanie soit le meilleur endroit pour photographier [&hellip;]<\/p>\n","protected":false},"author":6,"featured_media":0,"parent":0,"menu_order":0,"comment_status":"closed","ping_status":"closed","template":"","meta":{"_acf_changed":false,"site-sidebar-layout":"no-sidebar","site-content-layout":"page-builder","ast-site-content-layout":"full-width-container","site-content-style":"unboxed","site-sidebar-style":"unboxed","ast-global-header-display":"","ast-banner-title-visibility":"","ast-main-header-display":"","ast-hfb-above-header-display":"","ast-hfb-below-header-display":"","ast-hfb-mobile-header-display":"","site-post-title":"disabled","ast-breadcrumbs-content":"","ast-featured-img":"disabled","footer-sml-layout":"","ast-disable-related-posts":"","theme-transparent-header-meta":"default","adv-header-id-meta":"","stick-header-meta":"","header-above-stick-meta":"","header-main-stick-meta":"","header-below-stick-meta":"","astra-migrate-meta-layouts":"set","ast-page-background-enabled":"default","ast-page-background-meta":{"desktop":{"background-color":"","background-image":"","background-repeat":"repeat","background-position":"center center","background-size":"auto","background-attachment":"scroll","background-type":"","background-media":"","overlay-type":"","overlay-color":"","overlay-opacity":"","overlay-gradient":""},"tablet":{"background-color":"","background-image":"","background-repeat":"repeat","background-position":"center center","background-size":"auto","background-attachment":"scroll","background-type":"","background-media":"","overlay-type":"","overlay-color":"","overlay-opacity":"","overlay-gradient":""},"mobile":{"background-color":"","background-image":"","background-repeat":"repeat","background-position":"center center","background-size":"auto","background-attachment":"scroll","background-type":"","background-media":"","overlay-type":"","overlay-color":"","overlay-opacity":"","overlay-gradient":""}},"ast-content-background-meta":{"desktop":{"background-color":"var(--ast-global-color-5)","background-image":"","background-repeat":"repeat","background-position":"center center","background-size":"auto","background-attachment":"scroll","background-type":"","background-media":"","overlay-type":"","overlay-color":"","overlay-opacity":"","overlay-gradient":""},"tablet":{"background-color":"var(--ast-global-color-5)","background-image":"","background-repeat":"repeat","background-position":"center center","background-size":"auto","background-attachment":"scroll","background-type":"","background-media":"","overlay-type":"","overlay-color":"","overlay-opacity":"","overlay-gradient":""},"mobile":{"background-color":"var(--ast-global-color-5)","background-image":"","background-repeat":"repeat","background-position":"center center","background-size":"auto","background-attachment":"scroll","background-type":"","background-media":"","overlay-type":"","overlay-color":"","overlay-opacity":"","overlay-gradient":""}},"footnotes":""},"soort":[],"class_list":["post-25318","page","type-page","status-publish","hentry"],"acf":[],"yoast_head":"<!-- This site is optimized with the Yoast SEO plugin v27.4 - https:\/\/yoast.com\/product\/yoast-seo-wordpress\/ -->\n<title>Conservation des lions du Ngorongoro avec KopeLion - Ajabu Adventures<\/title>\n<meta name=\"description\" content=\"R\u00e9servez un safari priv\u00e9 en Tanzanie et aidez-nous \u00e0 sauver la population de lions du Ngorongoro avec KopeLion. Devenez vous aussi un gardien du lion!\" \/>\n<meta name=\"robots\" content=\"index, follow, max-snippet:-1, max-image-preview:large, max-video-preview:-1\" \/>\n<link rel=\"canonical\" href=\"https:\/\/www.ajabu-adventures.com\/fr\/conservation-des-lions-de-ngorongoro-avec-kopelion\/\" \/>\n<meta property=\"og:locale\" content=\"fr_FR\" \/>\n<meta property=\"og:type\" content=\"article\" \/>\n<meta property=\"og:title\" content=\"Conservation des lions du Ngorongoro avec KopeLion - Ajabu Adventures\" \/>\n<meta property=\"og:description\" content=\"R\u00e9servez un safari priv\u00e9 en Tanzanie et aidez-nous \u00e0 sauver la population de lions du Ngorongoro avec KopeLion. Devenez vous aussi un gardien du lion!\" \/>\n<meta property=\"og:url\" content=\"https:\/\/www.ajabu-adventures.com\/fr\/conservation-des-lions-de-ngorongoro-avec-kopelion\/\" \/>\n<meta property=\"og:site_name\" content=\"Ajabu Adventures\" \/>\n<meta property=\"article:publisher\" content=\"https:\/\/www.facebook.com\/AjabuAdventures\" \/>\n<meta property=\"article:modified_time\" content=\"2024-02-19T13:32:32+00:00\" \/>\n<meta property=\"og:image\" content=\"https:\/\/www.ajabu-adventures.com\/wp-content\/uploads\/2023\/08\/private-safari-adventure-ajabu-adventures-header.jpg\" \/>\n\t<meta property=\"og:image:width\" content=\"2400\" \/>\n\t<meta property=\"og:image:height\" content=\"1349\" \/>\n\t<meta property=\"og:image:type\" content=\"image\/jpeg\" \/>\n<meta name=\"twitter:card\" content=\"summary_large_image\" \/>\n<meta name=\"twitter:site\" content=\"@AjabuSafari\" \/>\n<script type=\"application\/ld+json\" class=\"yoast-schema-graph\">{\"@context\":\"https:\\\/\\\/schema.org\",\"@graph\":[{\"@type\":\"WebPage\",\"@id\":\"https:\\\/\\\/www.ajabu-adventures.com\\\/fr\\\/conservation-des-lions-de-ngorongoro-avec-kopelion\\\/\",\"url\":\"https:\\\/\\\/www.ajabu-adventures.com\\\/fr\\\/conservation-des-lions-de-ngorongoro-avec-kopelion\\\/\",\"name\":\"Conservation des lions du Ngorongoro avec KopeLion - Ajabu Adventures\",\"isPartOf\":{\"@id\":\"https:\\\/\\\/www.ajabu-adventures.com\\\/fr\\\/#website\"},\"datePublished\":\"2023-08-14T18:43:57+00:00\",\"dateModified\":\"2024-02-19T13:32:32+00:00\",\"description\":\"R\u00e9servez un safari priv\u00e9 en Tanzanie et aidez-nous \u00e0 sauver la population de lions du Ngorongoro avec KopeLion. Devenez vous aussi un gardien du lion!\",\"breadcrumb\":{\"@id\":\"https:\\\/\\\/www.ajabu-adventures.com\\\/fr\\\/conservation-des-lions-de-ngorongoro-avec-kopelion\\\/#breadcrumb\"},\"inLanguage\":\"fr-FR\",\"potentialAction\":[{\"@type\":\"ReadAction\",\"target\":[\"https:\\\/\\\/www.ajabu-adventures.com\\\/fr\\\/conservation-des-lions-de-ngorongoro-avec-kopelion\\\/\"]}]},{\"@type\":\"BreadcrumbList\",\"@id\":\"https:\\\/\\\/www.ajabu-adventures.com\\\/fr\\\/conservation-des-lions-de-ngorongoro-avec-kopelion\\\/#breadcrumb\",\"itemListElement\":[{\"@type\":\"ListItem\",\"position\":1,\"name\":\"Home\",\"item\":\"https:\\\/\\\/www.ajabu-adventures.com\\\/fr\\\/page-daccueil\\\/\"},{\"@type\":\"ListItem\",\"position\":2,\"name\":\"Conservation des lions\"}]},{\"@type\":\"WebSite\",\"@id\":\"https:\\\/\\\/www.ajabu-adventures.com\\\/fr\\\/#website\",\"url\":\"https:\\\/\\\/www.ajabu-adventures.com\\\/fr\\\/\",\"name\":\"Ajabu Adventures\",\"description\":\"Unlock the secrets of Tanzania.\",\"publisher\":{\"@id\":\"https:\\\/\\\/www.ajabu-adventures.com\\\/fr\\\/#organization\"},\"potentialAction\":[{\"@type\":\"SearchAction\",\"target\":{\"@type\":\"EntryPoint\",\"urlTemplate\":\"https:\\\/\\\/www.ajabu-adventures.com\\\/fr\\\/?s={search_term_string}\"},\"query-input\":{\"@type\":\"PropertyValueSpecification\",\"valueRequired\":true,\"valueName\":\"search_term_string\"}}],\"inLanguage\":\"fr-FR\"},{\"@type\":\"Organization\",\"@id\":\"https:\\\/\\\/www.ajabu-adventures.com\\\/fr\\\/#organization\",\"name\":\"Ajabu Adventures\",\"url\":\"https:\\\/\\\/www.ajabu-adventures.com\\\/fr\\\/\",\"logo\":{\"@type\":\"ImageObject\",\"inLanguage\":\"fr-FR\",\"@id\":\"https:\\\/\\\/www.ajabu-adventures.com\\\/fr\\\/#\\\/schema\\\/logo\\\/image\\\/\",\"url\":\"https:\\\/\\\/www.ajabu-adventures.com\\\/wp-content\\\/uploads\\\/2021\\\/03\\\/logo-ajabu-adventures-transparant.png\",\"contentUrl\":\"https:\\\/\\\/www.ajabu-adventures.com\\\/wp-content\\\/uploads\\\/2021\\\/03\\\/logo-ajabu-adventures-transparant.png\",\"width\":550,\"height\":199,\"caption\":\"Ajabu Adventures\"},\"image\":{\"@id\":\"https:\\\/\\\/www.ajabu-adventures.com\\\/fr\\\/#\\\/schema\\\/logo\\\/image\\\/\"},\"sameAs\":[\"https:\\\/\\\/www.facebook.com\\\/AjabuAdventures\",\"https:\\\/\\\/x.com\\\/AjabuSafari\",\"https:\\\/\\\/www.instagram.com\\\/ajabu.adventures\\\/\"]}]}<\/script>\n<!-- \/ Yoast SEO plugin. -->","yoast_head_json":{"title":"Conservation des lions du Ngorongoro avec KopeLion - Ajabu Adventures","description":"R\u00e9servez un safari priv\u00e9 en Tanzanie et aidez-nous \u00e0 sauver la population de lions du Ngorongoro avec KopeLion. Devenez vous aussi un gardien du lion!","robots":{"index":"index","follow":"follow","max-snippet":"max-snippet:-1","max-image-preview":"max-image-preview:large","max-video-preview":"max-video-preview:-1"},"canonical":"https:\/\/www.ajabu-adventures.com\/fr\/conservation-des-lions-de-ngorongoro-avec-kopelion\/","og_locale":"fr_FR","og_type":"article","og_title":"Conservation des lions du Ngorongoro avec KopeLion - Ajabu Adventures","og_description":"R\u00e9servez un safari priv\u00e9 en Tanzanie et aidez-nous \u00e0 sauver la population de lions du Ngorongoro avec KopeLion. Devenez vous aussi un gardien du lion!","og_url":"https:\/\/www.ajabu-adventures.com\/fr\/conservation-des-lions-de-ngorongoro-avec-kopelion\/","og_site_name":"Ajabu Adventures","article_publisher":"https:\/\/www.facebook.com\/AjabuAdventures","article_modified_time":"2024-02-19T13:32:32+00:00","og_image":[{"width":2400,"height":1349,"url":"https:\/\/www.ajabu-adventures.com\/wp-content\/uploads\/2023\/08\/private-safari-adventure-ajabu-adventures-header.jpg","type":"image\/jpeg"}],"twitter_card":"summary_large_image","twitter_site":"@AjabuSafari","schema":{"@context":"https:\/\/schema.org","@graph":[{"@type":"WebPage","@id":"https:\/\/www.ajabu-adventures.com\/fr\/conservation-des-lions-de-ngorongoro-avec-kopelion\/","url":"https:\/\/www.ajabu-adventures.com\/fr\/conservation-des-lions-de-ngorongoro-avec-kopelion\/","name":"Conservation des lions du Ngorongoro avec KopeLion - Ajabu Adventures","isPartOf":{"@id":"https:\/\/www.ajabu-adventures.com\/fr\/#website"},"datePublished":"2023-08-14T18:43:57+00:00","dateModified":"2024-02-19T13:32:32+00:00","description":"R\u00e9servez un safari priv\u00e9 en Tanzanie et aidez-nous \u00e0 sauver la population de lions du Ngorongoro avec KopeLion. Devenez vous aussi un gardien du lion!","breadcrumb":{"@id":"https:\/\/www.ajabu-adventures.com\/fr\/conservation-des-lions-de-ngorongoro-avec-kopelion\/#breadcrumb"},"inLanguage":"fr-FR","potentialAction":[{"@type":"ReadAction","target":["https:\/\/www.ajabu-adventures.com\/fr\/conservation-des-lions-de-ngorongoro-avec-kopelion\/"]}]},{"@type":"BreadcrumbList","@id":"https:\/\/www.ajabu-adventures.com\/fr\/conservation-des-lions-de-ngorongoro-avec-kopelion\/#breadcrumb","itemListElement":[{"@type":"ListItem","position":1,"name":"Home","item":"https:\/\/www.ajabu-adventures.com\/fr\/page-daccueil\/"},{"@type":"ListItem","position":2,"name":"Conservation des lions"}]},{"@type":"WebSite","@id":"https:\/\/www.ajabu-adventures.com\/fr\/#website","url":"https:\/\/www.ajabu-adventures.com\/fr\/","name":"Ajabu Adventures","description":"Unlock the secrets of Tanzania.","publisher":{"@id":"https:\/\/www.ajabu-adventures.com\/fr\/#organization"},"potentialAction":[{"@type":"SearchAction","target":{"@type":"EntryPoint","urlTemplate":"https:\/\/www.ajabu-adventures.com\/fr\/?s={search_term_string}"},"query-input":{"@type":"PropertyValueSpecification","valueRequired":true,"valueName":"search_term_string"}}],"inLanguage":"fr-FR"},{"@type":"Organization","@id":"https:\/\/www.ajabu-adventures.com\/fr\/#organization","name":"Ajabu Adventures","url":"https:\/\/www.ajabu-adventures.com\/fr\/","logo":{"@type":"ImageObject","inLanguage":"fr-FR","@id":"https:\/\/www.ajabu-adventures.com\/fr\/#\/schema\/logo\/image\/","url":"https:\/\/www.ajabu-adventures.com\/wp-content\/uploads\/2021\/03\/logo-ajabu-adventures-transparant.png","contentUrl":"https:\/\/www.ajabu-adventures.com\/wp-content\/uploads\/2021\/03\/logo-ajabu-adventures-transparant.png","width":550,"height":199,"caption":"Ajabu Adventures"},"image":{"@id":"https:\/\/www.ajabu-adventures.com\/fr\/#\/schema\/logo\/image\/"},"sameAs":["https:\/\/www.facebook.com\/AjabuAdventures","https:\/\/x.com\/AjabuSafari","https:\/\/www.instagram.com\/ajabu.adventures\/"]}]}},"_links":{"self":[{"href":"https:\/\/www.ajabu-adventures.com\/fr\/wp-json\/wp\/v2\/pages\/25318","targetHints":{"allow":["GET"]}}],"collection":[{"href":"https:\/\/www.ajabu-adventures.com\/fr\/wp-json\/wp\/v2\/pages"}],"about":[{"href":"https:\/\/www.ajabu-adventures.com\/fr\/wp-json\/wp\/v2\/types\/page"}],"author":[{"embeddable":true,"href":"https:\/\/www.ajabu-adventures.com\/fr\/wp-json\/wp\/v2\/users\/6"}],"replies":[{"embeddable":true,"href":"https:\/\/www.ajabu-adventures.com\/fr\/wp-json\/wp\/v2\/comments?post=25318"}],"version-history":[{"count":4,"href":"https:\/\/www.ajabu-adventures.com\/fr\/wp-json\/wp\/v2\/pages\/25318\/revisions"}],"predecessor-version":[{"id":26988,"href":"https:\/\/www.ajabu-adventures.com\/fr\/wp-json\/wp\/v2\/pages\/25318\/revisions\/26988"}],"wp:attachment":[{"href":"https:\/\/www.ajabu-adventures.com\/fr\/wp-json\/wp\/v2\/media?parent=25318"}],"wp:term":[{"taxonomy":"soort","embeddable":true,"href":"https:\/\/www.ajabu-adventures.com\/fr\/wp-json\/wp\/v2\/soort?post=25318"}],"curies":[{"name":"wp","href":"https:\/\/api.w.org\/{rel}","templated":true}]}}