{"id":25312,"date":"2023-09-25T12:49:04","date_gmt":"2023-09-25T12:49:04","guid":{"rendered":"https:\/\/www.ajabu-adventures.com\/parc-national-darusha\/"},"modified":"2023-12-19T22:01:59","modified_gmt":"2023-12-19T22:01:59","slug":"parc-national-darusha-tanzanie","status":"publish","type":"page","link":"https:\/\/www.ajabu-adventures.com\/fr\/parc-national-darusha-tanzanie\/","title":{"rendered":"Parc national d&rsquo;Arusha"},"content":{"rendered":"\n\n\t<h1>\n\t\t\t\tParc national d&rsquo;Arusha\n\t\t\t<\/h1>\n\t<h2>\n\t\t\t\tParc national d&rsquo;Arusha\n\t\t\t<\/h2>\n\t\t\t<p>Avec une superficie de 137 kilom\u00e8tres carr\u00e9s, le parc national d&rsquo;Arusha est l&rsquo;un des plus petits mais des plus beaux parcs nationaux de Tanzanie. Situ\u00e9 \u00e0 proximit\u00e9 de la ville d&rsquo;Arusha, le parc est tr\u00e8s populaire pour les safaris priv\u00e9s d&rsquo;une journ\u00e9e. <\/p>\t\n<h4>\n\t\tLacs Momella\n\t<\/h4>\n\t<p>Au milieu de la for\u00eat se trouve le spectaculaire crat\u00e8re de Ngurdoto, dont les falaises rocheuses abruptes entourent un large fond mar\u00e9cageux parsem\u00e9 de troupeaux de buffles et de phacoch\u00e8res. Plus au nord, des collines herbeuses ondulantes entourent la beaut\u00e9 tranquille des lacs Momella, chacun d&rsquo;une teinte diff\u00e9rente de vert ou de bleu. Leurs eaux peu profondes sont parfois teint\u00e9es de rose par des milliers de flamants roses.  <\/p>\n<h4>\n\t\tSinge colobe\n\t<\/h4>\n\t<p>Bien que les \u00e9l\u00e9phants soient rares dans le parc national d&rsquo;Arusha, et les lions absents, les l\u00e9opards et les hy\u00e8nes tachet\u00e9es peuvent \u00eatre aper\u00e7us t\u00f4t le matin et en fin d&rsquo;apr\u00e8s-midi. Les animaux les plus communs dans ce parc sont les colobes noirs et blancs, les hippopotames, les girafes, les z\u00e8bres, les buffles et les potamoch\u00e8res. <\/p>\n<h4>\n\t\tMont Kilimandjaro\n\t<\/h4>\n\t<p>Au cr\u00e9puscule et \u00e0 l&rsquo;aube, le voile de nuages \u00e0 l&rsquo;horizon est susceptible de se dissiper, r\u00e9v\u00e9lant les majestueux sommets enneig\u00e9s du Kilimandjaro. Vous aurez \u00e9galement une vue rapproch\u00e9e et personnelle de l&rsquo;imposant mont Meru. <\/p>\n<h4>\n\t\tZone d&rsquo;observation des oiseaux\n\t<\/h4>\n\t<p>Le parc national d&rsquo;Arusha est une destination pour les amateurs d&rsquo;oiseaux. Plus de 400 esp\u00e8ces d&rsquo;oiseaux ont \u00e9t\u00e9 recens\u00e9es dans le parc. Dans les hauteurs, vous pourrez peut-\u00eatre apercevoir la buse d&rsquo;Augure, le martin-p\u00eacheur \u00e0 t\u00eate grise ou le calao \u00e0 joues argent\u00e9es. Les arbres de la for\u00eat et les lacs sont des lieux de r\u00e9sidence privil\u00e9gi\u00e9s pour les p\u00e9licans, les gu\u00eapiers, les flamants roses, les h\u00e9rons, les canards, les \u00e9chassiers et bien d&rsquo;autres encore. Pendant que vous vous d\u00e9tendez, vous pouvez m\u00eame apercevoir un aigle p\u00eacheur en train de plonger \u00e0 la recherche de tilapias.    <\/p>\n<h4>\n\t\tDiversit\u00e9 des habitats\n\t<\/h4>\n\t<p>Malgr\u00e9 sa taille relativement petite, le parc pr\u00e9sente une grande vari\u00e9t\u00e9 d&rsquo;\u00e9cosyst\u00e8mes, tels que des prairies, des mar\u00e9cages, des lacs de crat\u00e8re, des for\u00eats d&rsquo;altitude et des collines ondulantes. Saisissez l&rsquo;occasion d&rsquo;explorer une diversit\u00e9 fascinante d&rsquo;habitats en l&rsquo;espace d&rsquo;une (demi-)journ\u00e9e seulement! <\/p>\n\n","protected":false},"excerpt":{"rendered":"<p>Parc national d&rsquo;Arusha Parc national d&rsquo;Arusha Avec une superficie de 137 kilom\u00e8tres carr\u00e9s, le parc national d&rsquo;Arusha est l&rsquo;un des plus petits mais des plus beaux parcs nationaux de Tanzanie. Situ\u00e9 \u00e0 proximit\u00e9 de la ville d&rsquo;Arusha, le parc est tr\u00e8s populaire pour les safaris priv\u00e9s d&rsquo;une journ\u00e9e. Lacs Momella Au milieu de la for\u00eat [&hellip;]<\/p>\n","protected":false},"author":6,"featured_media":0,"parent":0,"menu_order":0,"comment_status":"closed","ping_status":"closed","template":"","meta":{"_acf_changed":false,"site-sidebar-layout":"no-sidebar","site-content-layout":"page-builder","ast-site-content-layout":"full-width-container","site-content-style":"unboxed","site-sidebar-style":"unboxed","ast-global-header-display":"","ast-banner-title-visibility":"","ast-main-header-display":"","ast-hfb-above-header-display":"","ast-hfb-below-header-display":"","ast-hfb-mobile-header-display":"","site-post-title":"disabled","ast-breadcrumbs-content":"","ast-featured-img":"disabled","footer-sml-layout":"","ast-disable-related-posts":"","theme-transparent-header-meta":"default","adv-header-id-meta":"","stick-header-meta":"","header-above-stick-meta":"","header-main-stick-meta":"","header-below-stick-meta":"","astra-migrate-meta-layouts":"set","ast-page-background-enabled":"default","ast-page-background-meta":{"desktop":{"background-color":"","background-image":"","background-repeat":"repeat","background-position":"center center","background-size":"auto","background-attachment":"scroll","background-type":"","background-media":"","overlay-type":"","overlay-color":"","overlay-opacity":"","overlay-gradient":""},"tablet":{"background-color":"","background-image":"","background-repeat":"repeat","background-position":"center center","background-size":"auto","background-attachment":"scroll","background-type":"","background-media":"","overlay-type":"","overlay-color":"","overlay-opacity":"","overlay-gradient":""},"mobile":{"background-color":"","background-image":"","background-repeat":"repeat","background-position":"center center","background-size":"auto","background-attachment":"scroll","background-type":"","background-media":"","overlay-type":"","overlay-color":"","overlay-opacity":"","overlay-gradient":""}},"ast-content-background-meta":{"desktop":{"background-color":"var(--ast-global-color-5)","background-image":"","background-repeat":"repeat","background-position":"center center","background-size":"auto","background-attachment":"scroll","background-type":"","background-media":"","overlay-type":"","overlay-color":"","overlay-opacity":"","overlay-gradient":""},"tablet":{"background-color":"var(--ast-global-color-5)","background-image":"","background-repeat":"repeat","background-position":"center center","background-size":"auto","background-attachment":"scroll","background-type":"","background-media":"","overlay-type":"","overlay-color":"","overlay-opacity":"","overlay-gradient":""},"mobile":{"background-color":"var(--ast-global-color-5)","background-image":"","background-repeat":"repeat","background-position":"center center","background-size":"auto","background-attachment":"scroll","background-type":"","background-media":"","overlay-type":"","overlay-color":"","overlay-opacity":"","overlay-gradient":""}},"footnotes":""},"soort":[],"class_list":["post-25312","page","type-page","status-publish","hentry"],"acf":[],"yoast_head":"<!-- This site is optimized with the Yoast SEO plugin v27.4 - https:\/\/yoast.com\/product\/yoast-seo-wordpress\/ -->\n<title>Parc national d&#039;Arusha - Safari priv\u00e9 - Ajabu Adventures<\/title>\n<meta name=\"description\" content=\"Le parc national d&#039;Arusha est un espace naturel unique, situ\u00e9 entre le majestueux Kilimandjaro et le Mont Meru, pr\u00e8s de la ville d&#039;Arusha\" \/>\n<meta name=\"robots\" content=\"index, follow, max-snippet:-1, max-image-preview:large, max-video-preview:-1\" \/>\n<link rel=\"canonical\" href=\"https:\/\/www.ajabu-adventures.com\/fr\/parc-national-darusha-tanzanie\/\" \/>\n<meta property=\"og:locale\" content=\"fr_FR\" \/>\n<meta property=\"og:type\" content=\"article\" \/>\n<meta property=\"og:title\" content=\"Parc national d&#039;Arusha - Safari priv\u00e9 - Ajabu Adventures\" \/>\n<meta property=\"og:description\" content=\"Le parc national d&#039;Arusha est un espace naturel unique, situ\u00e9 entre le majestueux Kilimandjaro et le Mont Meru, pr\u00e8s de la ville d&#039;Arusha\" \/>\n<meta property=\"og:url\" content=\"https:\/\/www.ajabu-adventures.com\/fr\/parc-national-darusha-tanzanie\/\" \/>\n<meta property=\"og:site_name\" content=\"Ajabu Adventures\" \/>\n<meta property=\"article:publisher\" content=\"https:\/\/www.facebook.com\/AjabuAdventures\" \/>\n<meta property=\"article:modified_time\" content=\"2023-12-19T22:01:59+00:00\" \/>\n<meta property=\"og:image\" content=\"https:\/\/www.ajabu-adventures.com\/wp-content\/uploads\/2023\/08\/private-safari-adventure-ajabu-adventures-header.jpg\" \/>\n\t<meta property=\"og:image:width\" content=\"2400\" \/>\n\t<meta property=\"og:image:height\" content=\"1349\" \/>\n\t<meta property=\"og:image:type\" content=\"image\/jpeg\" \/>\n<meta name=\"twitter:card\" content=\"summary_large_image\" \/>\n<meta name=\"twitter:site\" content=\"@AjabuSafari\" \/>\n<script type=\"application\/ld+json\" class=\"yoast-schema-graph\">{\"@context\":\"https:\\\/\\\/schema.org\",\"@graph\":[{\"@type\":\"WebPage\",\"@id\":\"https:\\\/\\\/www.ajabu-adventures.com\\\/fr\\\/parc-national-darusha-tanzanie\\\/\",\"url\":\"https:\\\/\\\/www.ajabu-adventures.com\\\/fr\\\/parc-national-darusha-tanzanie\\\/\",\"name\":\"Parc national d'Arusha - Safari priv\u00e9 - Ajabu Adventures\",\"isPartOf\":{\"@id\":\"https:\\\/\\\/www.ajabu-adventures.com\\\/fr\\\/#website\"},\"datePublished\":\"2023-09-25T12:49:04+00:00\",\"dateModified\":\"2023-12-19T22:01:59+00:00\",\"description\":\"Le parc national d'Arusha est un espace naturel unique, situ\u00e9 entre le majestueux Kilimandjaro et le Mont Meru, pr\u00e8s de la ville d'Arusha\",\"breadcrumb\":{\"@id\":\"https:\\\/\\\/www.ajabu-adventures.com\\\/fr\\\/parc-national-darusha-tanzanie\\\/#breadcrumb\"},\"inLanguage\":\"fr-FR\",\"potentialAction\":[{\"@type\":\"ReadAction\",\"target\":[\"https:\\\/\\\/www.ajabu-adventures.com\\\/fr\\\/parc-national-darusha-tanzanie\\\/\"]}]},{\"@type\":\"BreadcrumbList\",\"@id\":\"https:\\\/\\\/www.ajabu-adventures.com\\\/fr\\\/parc-national-darusha-tanzanie\\\/#breadcrumb\",\"itemListElement\":[{\"@type\":\"ListItem\",\"position\":1,\"name\":\"Home\",\"item\":\"https:\\\/\\\/www.ajabu-adventures.com\\\/fr\\\/page-daccueil\\\/\"},{\"@type\":\"ListItem\",\"position\":2,\"name\":\"Parc national d&#8217;Arusha\"}]},{\"@type\":\"WebSite\",\"@id\":\"https:\\\/\\\/www.ajabu-adventures.com\\\/fr\\\/#website\",\"url\":\"https:\\\/\\\/www.ajabu-adventures.com\\\/fr\\\/\",\"name\":\"Ajabu Adventures\",\"description\":\"Unlock the secrets of Tanzania.\",\"publisher\":{\"@id\":\"https:\\\/\\\/www.ajabu-adventures.com\\\/fr\\\/#organization\"},\"potentialAction\":[{\"@type\":\"SearchAction\",\"target\":{\"@type\":\"EntryPoint\",\"urlTemplate\":\"https:\\\/\\\/www.ajabu-adventures.com\\\/fr\\\/?s={search_term_string}\"},\"query-input\":{\"@type\":\"PropertyValueSpecification\",\"valueRequired\":true,\"valueName\":\"search_term_string\"}}],\"inLanguage\":\"fr-FR\"},{\"@type\":\"Organization\",\"@id\":\"https:\\\/\\\/www.ajabu-adventures.com\\\/fr\\\/#organization\",\"name\":\"Ajabu Adventures\",\"url\":\"https:\\\/\\\/www.ajabu-adventures.com\\\/fr\\\/\",\"logo\":{\"@type\":\"ImageObject\",\"inLanguage\":\"fr-FR\",\"@id\":\"https:\\\/\\\/www.ajabu-adventures.com\\\/fr\\\/#\\\/schema\\\/logo\\\/image\\\/\",\"url\":\"https:\\\/\\\/www.ajabu-adventures.com\\\/wp-content\\\/uploads\\\/2021\\\/03\\\/logo-ajabu-adventures-transparant.png\",\"contentUrl\":\"https:\\\/\\\/www.ajabu-adventures.com\\\/wp-content\\\/uploads\\\/2021\\\/03\\\/logo-ajabu-adventures-transparant.png\",\"width\":550,\"height\":199,\"caption\":\"Ajabu Adventures\"},\"image\":{\"@id\":\"https:\\\/\\\/www.ajabu-adventures.com\\\/fr\\\/#\\\/schema\\\/logo\\\/image\\\/\"},\"sameAs\":[\"https:\\\/\\\/www.facebook.com\\\/AjabuAdventures\",\"https:\\\/\\\/x.com\\\/AjabuSafari\",\"https:\\\/\\\/www.instagram.com\\\/ajabu.adventures\\\/\"]}]}<\/script>\n<!-- \/ Yoast SEO plugin. -->","yoast_head_json":{"title":"Parc national d'Arusha - Safari priv\u00e9 - Ajabu Adventures","description":"Le parc national d'Arusha est un espace naturel unique, situ\u00e9 entre le majestueux Kilimandjaro et le Mont Meru, pr\u00e8s de la ville d'Arusha","robots":{"index":"index","follow":"follow","max-snippet":"max-snippet:-1","max-image-preview":"max-image-preview:large","max-video-preview":"max-video-preview:-1"},"canonical":"https:\/\/www.ajabu-adventures.com\/fr\/parc-national-darusha-tanzanie\/","og_locale":"fr_FR","og_type":"article","og_title":"Parc national d'Arusha - Safari priv\u00e9 - Ajabu Adventures","og_description":"Le parc national d'Arusha est un espace naturel unique, situ\u00e9 entre le majestueux Kilimandjaro et le Mont Meru, pr\u00e8s de la ville d'Arusha","og_url":"https:\/\/www.ajabu-adventures.com\/fr\/parc-national-darusha-tanzanie\/","og_site_name":"Ajabu Adventures","article_publisher":"https:\/\/www.facebook.com\/AjabuAdventures","article_modified_time":"2023-12-19T22:01:59+00:00","og_image":[{"width":2400,"height":1349,"url":"https:\/\/www.ajabu-adventures.com\/wp-content\/uploads\/2023\/08\/private-safari-adventure-ajabu-adventures-header.jpg","type":"image\/jpeg"}],"twitter_card":"summary_large_image","twitter_site":"@AjabuSafari","schema":{"@context":"https:\/\/schema.org","@graph":[{"@type":"WebPage","@id":"https:\/\/www.ajabu-adventures.com\/fr\/parc-national-darusha-tanzanie\/","url":"https:\/\/www.ajabu-adventures.com\/fr\/parc-national-darusha-tanzanie\/","name":"Parc national d'Arusha - Safari priv\u00e9 - Ajabu Adventures","isPartOf":{"@id":"https:\/\/www.ajabu-adventures.com\/fr\/#website"},"datePublished":"2023-09-25T12:49:04+00:00","dateModified":"2023-12-19T22:01:59+00:00","description":"Le parc national d'Arusha est un espace naturel unique, situ\u00e9 entre le majestueux Kilimandjaro et le Mont Meru, pr\u00e8s de la ville d'Arusha","breadcrumb":{"@id":"https:\/\/www.ajabu-adventures.com\/fr\/parc-national-darusha-tanzanie\/#breadcrumb"},"inLanguage":"fr-FR","potentialAction":[{"@type":"ReadAction","target":["https:\/\/www.ajabu-adventures.com\/fr\/parc-national-darusha-tanzanie\/"]}]},{"@type":"BreadcrumbList","@id":"https:\/\/www.ajabu-adventures.com\/fr\/parc-national-darusha-tanzanie\/#breadcrumb","itemListElement":[{"@type":"ListItem","position":1,"name":"Home","item":"https:\/\/www.ajabu-adventures.com\/fr\/page-daccueil\/"},{"@type":"ListItem","position":2,"name":"Parc national d&#8217;Arusha"}]},{"@type":"WebSite","@id":"https:\/\/www.ajabu-adventures.com\/fr\/#website","url":"https:\/\/www.ajabu-adventures.com\/fr\/","name":"Ajabu Adventures","description":"Unlock the secrets of Tanzania.","publisher":{"@id":"https:\/\/www.ajabu-adventures.com\/fr\/#organization"},"potentialAction":[{"@type":"SearchAction","target":{"@type":"EntryPoint","urlTemplate":"https:\/\/www.ajabu-adventures.com\/fr\/?s={search_term_string}"},"query-input":{"@type":"PropertyValueSpecification","valueRequired":true,"valueName":"search_term_string"}}],"inLanguage":"fr-FR"},{"@type":"Organization","@id":"https:\/\/www.ajabu-adventures.com\/fr\/#organization","name":"Ajabu Adventures","url":"https:\/\/www.ajabu-adventures.com\/fr\/","logo":{"@type":"ImageObject","inLanguage":"fr-FR","@id":"https:\/\/www.ajabu-adventures.com\/fr\/#\/schema\/logo\/image\/","url":"https:\/\/www.ajabu-adventures.com\/wp-content\/uploads\/2021\/03\/logo-ajabu-adventures-transparant.png","contentUrl":"https:\/\/www.ajabu-adventures.com\/wp-content\/uploads\/2021\/03\/logo-ajabu-adventures-transparant.png","width":550,"height":199,"caption":"Ajabu Adventures"},"image":{"@id":"https:\/\/www.ajabu-adventures.com\/fr\/#\/schema\/logo\/image\/"},"sameAs":["https:\/\/www.facebook.com\/AjabuAdventures","https:\/\/x.com\/AjabuSafari","https:\/\/www.instagram.com\/ajabu.adventures\/"]}]}},"_links":{"self":[{"href":"https:\/\/www.ajabu-adventures.com\/fr\/wp-json\/wp\/v2\/pages\/25312","targetHints":{"allow":["GET"]}}],"collection":[{"href":"https:\/\/www.ajabu-adventures.com\/fr\/wp-json\/wp\/v2\/pages"}],"about":[{"href":"https:\/\/www.ajabu-adventures.com\/fr\/wp-json\/wp\/v2\/types\/page"}],"author":[{"embeddable":true,"href":"https:\/\/www.ajabu-adventures.com\/fr\/wp-json\/wp\/v2\/users\/6"}],"replies":[{"embeddable":true,"href":"https:\/\/www.ajabu-adventures.com\/fr\/wp-json\/wp\/v2\/comments?post=25312"}],"version-history":[{"count":0,"href":"https:\/\/www.ajabu-adventures.com\/fr\/wp-json\/wp\/v2\/pages\/25312\/revisions"}],"wp:attachment":[{"href":"https:\/\/www.ajabu-adventures.com\/fr\/wp-json\/wp\/v2\/media?parent=25312"}],"wp:term":[{"taxonomy":"soort","embeddable":true,"href":"https:\/\/www.ajabu-adventures.com\/fr\/wp-json\/wp\/v2\/soort?post=25312"}],"curies":[{"name":"wp","href":"https:\/\/api.w.org\/{rel}","templated":true}]}}