{"id":25305,"date":"2023-09-25T11:31:47","date_gmt":"2023-09-25T11:31:47","guid":{"rendered":"https:\/\/www.ajabu-adventures.com\/8-jours-de-safari-aerien\/"},"modified":"2023-12-12T14:29:13","modified_gmt":"2023-12-12T14:29:13","slug":"safari-prive-en-avion-tanzanie","status":"publish","type":"page","link":"https:\/\/www.ajabu-adventures.com\/fr\/safari-prive-en-avion-tanzanie\/","title":{"rendered":"8 jours de safari en avion priv\u00e9 en Tanzanie"},"content":{"rendered":"\n\n\t<h1>\n\t\t\t\t8 jours de safari a\u00e9rien dans le nord de la Tanzanie\n\t\t\t<\/h1>\n\t<h5>L&rsquo;ultime aventure africaine en 8 jours, \u00e0 nulle autre pareille. Volez d&rsquo;un point culminant \u00e0 un autre point culminant avec ce safari priv\u00e9 de luxe. <\/h5>\n<h5><em>\u00c0 partir de \u20ac4680 pp<\/em><\/h5>\n\t\t\t<h4> Points forts du safari :<\/h4> <p>Au sommet de l&rsquo;Afrique<\/p>\t\t\n\t\t\t <p>Guides d&rsquo;experts<\/p>\t\t\n\t\t\t <p>R\u00e9compens\u00e9 par un safari<\/p>\t\t\n\t\t\t <p>Logements confortables<\/p>\t\t\n\t\t\t<a href=\"https:\/\/www.ajabu-adventures.com\/fr\/reservez-votre-safari-prive-en-tanzanie\/\" target=\"_self\" role=\"button\" aria-label=\"Demande\" rel=\"noopener\">\n\t\t\t\t\t\t\tDemande\n\t\t<\/a>\n\t\t\t\t<img loading=\"lazy\" decoding=\"async\" src=\"https:\/\/www.ajabu-adventures.com\/wordpress\/wp-content\/uploads\/2023\/09\/unsplash-image-sn87TQ_o7zs.jpg\" alt=\"unsplash-image-sn87TQ_o7zs\" itemprop=\"image\" height=\"800\" width=\"1000\" title=\"unsplash-image-sn87TQ_o7zs\" onerror=\"this.style.display='none'\"  \/>\n<h4>\n\t\tJour 1 &#8211; Arriv\u00e9e en Tanzanie \n\t<\/h4>\n\t<p>\u00c0 votre arriv\u00e9e \u00e0 l&rsquo;a\u00e9roport international du Kilimandjaro, vous serez transf\u00e9r\u00e9 \u00e0 l&rsquo;Arusha Coffee Lodge o\u00f9 vous pourrez profiter de l&rsquo;une des 12 magnifiques Plantation Suites. L&rsquo;Arusha Coffee Lodge est magnifiquement situ\u00e9 dans une plantation de caf\u00e9 \u00e0 la fronti\u00e8re de la ville d&rsquo;Arusha. <\/p>\n<h4>\n\t\tJours 2 et 3. Tarangire\n\t<\/h4>\n\t<p>Apr\u00e8s le petit-d\u00e9jeuner et un briefing sur votre safari a\u00e9rien, vous pourrez profiter d&rsquo;un tour de caf\u00e9 dans une plantation voisine. Apr\u00e8s un d\u00e9jeuner matinal dans les jardins du lodge, vous serez conduits \u00e0 l&rsquo;a\u00e9roport d&rsquo;Arusha pour votre premier vol Fly Adventure \u00e0 destination de la piste d&rsquo;atterrissage de Kuro, dans le parc national du Tarangir\u00e9. <\/p>\n\t\t\t\t<img loading=\"lazy\" decoding=\"async\" src=\"https:\/\/www.ajabu-adventures.com\/wordpress\/wp-content\/uploads\/2023\/08\/elephants-under-dramatic-clouds-tarangire-national-park.jpg\" alt=\"elephants-under-dramatic-clouds-tarangire-national-park\" itemprop=\"image\" height=\"700\" width=\"1000\" title=\"elephants-under-dramatic-clouds-tarangire-national-park\" onerror=\"this.style.display='none'\"  \/>\n\t\t\t\t<img loading=\"lazy\" decoding=\"async\" src=\"https:\/\/www.ajabu-adventures.com\/wordpress\/wp-content\/uploads\/2023\/08\/when-to-travel-looking-out-over-tarangire-river-kl.jpg\" alt=\"when-to-travel-looking-out-over-tarangire-river-kl\" itemprop=\"image\" height=\"700\" width=\"1000\" title=\"when-to-travel-looking-out-over-tarangire-river-kl\" onerror=\"this.style.display='none'\"  \/>\n\t<p>A votre arriv\u00e9e \u00e0 la piste d&rsquo;atterrissage, vous ferez votre premier safari dans le parc national du Tarangir\u00e9. Ce parc est connu pour ses grandes populations d&rsquo;\u00e9l\u00e9phants mais vous pourrez \u00e9galement voir des gnous, des z\u00e8bres, des buffles, des impalas et si vous avez de la chance, m\u00eame des pr\u00e9dateurs tels que des lions et des l\u00e9opards. En fin d&rsquo;apr\u00e8s-midi, vous arriverez au Treetops Lodge o\u00f9 vous passerez deux nuits. Vous ferez plusieurs safaris, des safaris \u00e0 pied guid\u00e9s, visiterez un village masa\u00ef, prendrez un coucher de soleil romantique dans la brousse et ferez ensuite un safari de nuit.<\/p>\n<h4>\n\t\tJour 4 et 5 &#8211; Karatu, Ngorongoro \n\t<\/h4>\n\t<p>Le cinqui\u00e8me jour de votre Fly Adventure, vous ferez un safari dans le c\u00e9l\u00e8bre crat\u00e8re du Ngorongoro o\u00f9 vous serez surpris par la forte densit\u00e9 de la faune et si vous avez de la chance, vous pourrez m\u00eame apercevoir un rhinoc\u00e9ros noir. En plus de ce safari, il y a beaucoup de choses \u00e0 faire au Manoir de Ngorongoro. Vous pouvez choisir des activit\u00e9s telles que l&rsquo;\u00e9quitation, le VTT, des promenades guid\u00e9es autour de la plantation de caf\u00e9 ou profiter d&rsquo;une s\u00e9lection de soins de spa.  <\/p>\n\t\t\t\t<img loading=\"lazy\" decoding=\"async\" src=\"https:\/\/www.ajabu-adventures.com\/wordpress\/wp-content\/uploads\/2023\/09\/unsplash-image-zsalJqyCY8M.jpg\" alt=\"unsplash-image-zsalJqyCY8M\" itemprop=\"image\" height=\"800\" width=\"1000\" title=\"unsplash-image-zsalJqyCY8M\" onerror=\"this.style.display='none'\"  \/>\n\t\t\t\t<img loading=\"lazy\" decoding=\"async\" src=\"https:\/\/www.ajabu-adventures.com\/wordpress\/wp-content\/uploads\/2023\/09\/unsplash-image-LCz-NxpXDu4.jpg\" alt=\"unsplash-image-LCz-NxpXDu4\" itemprop=\"image\" height=\"800\" width=\"1000\" title=\"unsplash-image-LCz-NxpXDu4\" onerror=\"this.style.display='none'\"  \/>\n<h4>\n\t\tJour 6 et 7 &#8211; Serengeti \n\t<\/h4>\n\t<p>Le sixi\u00e8me jour, vous pouvez choisir de faire un safari dans le parc national du lac Manyara dans la matin\u00e9e ou de rester au Manoir du Ngorongoro pour vous d\u00e9tendre. Le lac Manyara est un magnifique parc relativement petit, connu pour son \u00e9norme population de flamants roses ainsi que pour ses lions grimpant aux arbres. Vous d\u00e9jeunerez au lodge et apr\u00e8s le d\u00e9jeuner, vous serez transf\u00e9r\u00e9 \u00e0 la piste d&rsquo;atterrissage du lac Manyara pour votre vol vers le parc national du Serengeti.  <\/p>\n\t<p>A votre arriv\u00e9e au Serengeti, le guide du Serengeti Migration Camp vous attend d\u00e9j\u00e0 pour commencer votre premier safari dans ce parc mondialement connu. En fin d&rsquo;apr\u00e8s-midi, vous pourrez profiter d&rsquo;un fantastique coucher de soleil au Serengeti Migration Camp o\u00f9 vous passerez deux nuits. Le jour 7 de votre safari a\u00e9rien est une journ\u00e9e compl\u00e8te de safaris avec un d\u00e9jeuner pique-nique dans le parc \u00e0 la recherche de pr\u00e9dateurs et, si vous avez de la chance, vous pourrez m\u00eame assister \u00e0 la grande migration des z\u00e8bres et des gnous.  <\/p>\n\t\t\t\t<img loading=\"lazy\" decoding=\"async\" src=\"https:\/\/www.ajabu-adventures.com\/wordpress\/wp-content\/uploads\/2023\/10\/ajabu-adventures-sunset.-1000x800jpg.jpg\" alt=\"ajabu-adventures-sunset.-1000x800jpg\" itemprop=\"image\" height=\"800\" width=\"1000\" title=\"ajabu-adventures-sunset.-1000x800jpg\" onerror=\"this.style.display='none'\"  \/>\n\t\t\t\t<img loading=\"lazy\" decoding=\"async\" src=\"https:\/\/www.ajabu-adventures.com\/wordpress\/wp-content\/uploads\/2023\/09\/unsplash-image-lo0wIu1hPWc.jpg\" alt=\"unsplash-image-lo0wIu1hPWc\" itemprop=\"image\" height=\"800\" width=\"1000\" title=\"unsplash-image-lo0wIu1hPWc\" onerror=\"this.style.display='none'\"  \/>\n<h4>\n\t\tJour 8. Arusha\n\t<\/h4>\n\t<p>Votre aventure touche \u00e0 sa fin. Apr\u00e8s un dernier petit d\u00e9jeuner dans la brousse, vous ferez un safari \u00e0 pied sur les rives de la rivi\u00e8re Grumeti. Apr\u00e8s un d\u00e9jeuner dans le parc, vous serez transf\u00e9r\u00e9 \u00e0 la piste d&rsquo;atterrissage pour votre vol de retour \u00e0 Arusha.  <\/p>\n\t\u00c0 l&rsquo;arriv\u00e9e, le chauffeur vous conduit \u00e0 l&rsquo;Arusha Coffee Lodge o\u00f9 vous disposez d&rsquo;une salle de s\u00e9jour pour vous rafra\u00eechir et vous d\u00e9tendre un peu avant d&rsquo;\u00eatre conduit \u00e0 l&rsquo;a\u00e9roport international du Kilimandjaro pour votre vol de retour.<br \/>\nVous pouvez combiner votre safari a\u00e9rien avec diverses activit\u00e9s telles que le golf, la randonn\u00e9e, le v\u00e9lo, la plong\u00e9e sous-marine, le vol en montgolfi\u00e8re ou en h\u00e9licopt\u00e8re, ou encore des vacances \u00e0 la plage \u00e0 Zanzibar -Kilindi Zanzibar.<br \/>\nRemarque : le co\u00fbt d&rsquo;un safari a\u00e9rien peut varier consid\u00e9rablement en fonction de la p\u00e9riode de l&rsquo;ann\u00e9e \u00e0 laquelle vous vous rendez en Tanzanie. N&rsquo;h\u00e9sitez pas \u00e0 nous demander un devis sp\u00e9cifique. \n<p>Vous trouverez ici nos <a href=\"https:\/\/www.ajabu-adventures.com\/fr\/conseils-de-voyage\/\"><strong>conseils de voyage<\/strong><\/a>.<\/p>\n\t\t\t\t<img loading=\"lazy\" decoding=\"async\" src=\"https:\/\/www.ajabu-adventures.com\/wordpress\/wp-content\/uploads\/2023\/09\/unsplash-image-KB9r_hTzyeQ.jpg\" alt=\"unsplash-image-KB9r_hTzyeQ\" itemprop=\"image\" height=\"800\" width=\"1000\" title=\"unsplash-image-KB9r_hTzyeQ\" onerror=\"this.style.display='none'\"  \/>\n\t<h3>\n\t\t\t\tR\u00e9servez cette aventure safari\n\t\t\t<\/h3>\n\t<h5>\n\t\t\t\tOu faites votre propre voyage, sur mesure\n\t\t\t<\/h5>\n\t\t\t<a href=\"https:\/\/www.ajabu-adventures.com\/fr\/reservez-votre-safari-prive-en-tanzanie\/\" target=\"_self\" role=\"button\" aria-label=\"R\u00e9servez votre safari de r\u00eave\" rel=\"noopener\">\n\t\t\t\t\t\t\tR\u00e9servez votre safari de r\u00eave\n\t\t<\/a>\n\t<h3>\n\t\t\t\tVous n&rsquo;avez pas trouv\u00e9 ce que vous cherchiez ? \n\t\t\t<\/h3>\n\t<h5>\n\t\t\t\tVous trouverez ci-dessous d&rsquo;autres suggestions d&rsquo;excursions :\n\t\t\t<\/h5>\n\t\t\t\t\t\t\t\t\t\t\t\t\t\t<a href=\"https:\/\/www.ajabu-adventures.com\/fr\/safari-prive-tanzanie-ile-zanzibar\/\" target=\"_self\" title=\"21 jours de safari en Tanzanie et sur l&rsquo;\u00eele de Zanzibar\" rel=\"noopener\">\n\t\t\t\t<img decoding=\"async\" src=\"https:\/\/www.ajabu-adventures.com\/wordpress\/wp-content\/uploads\/2023\/08\/ajabu-adventures-beaches.jpg\" alt=\"\" \/>\n\t\t\t\t<\/a>\n\t\t\t\t\t\t<h5>\n\t\t\t\t<a href=https:\/\/www.ajabu-adventures.com\/fr\/safari-prive-tanzanie-ile-zanzibar\/ title=\"21 jours de safari en Tanzanie et sur l&rsquo;\u00eele de Zanzibar\" tabindex=\"0\">21 jours de safari en Tanzanie et sur l&rsquo;\u00eele de Zanzibar<\/a>\t\t\t<\/h5>\n\t\t\t<a href=\"https:\/\/www.ajabu-adventures.com\/fr\/safari-prive-tanzanie-ile-zanzibar\/\" target=\"_self\" role=\"button\" aria-label=\"En savoir plus\" rel=\"noopener\">\n\t\t\t\t\t\t\tEn savoir plus\n\t\t<\/a>\n\t\t\t\t\t\t\t\t\t\t\t\t\t\t<a href=\"https:\/\/www.ajabu-adventures.com\/fr\/8-jours-de-safari-migration-du-serengeti\/\" target=\"_self\" title=\"8 jours de safari de migration dans le Serengeti\" rel=\"noopener\">\n\t\t\t\t<img decoding=\"async\" src=\"https:\/\/www.ajabu-adventures.com\/wordpress\/wp-content\/uploads\/2023\/08\/ajabu-adventures-great-migration.jpg\" alt=\"\" \/>\n\t\t\t\t<\/a>\n\t\t\t\t\t\t<h5>\n\t\t\t\t<a href=https:\/\/www.ajabu-adventures.com\/fr\/8-jours-de-safari-migration-du-serengeti\/ title=\"8 jours de safari de migration dans le Serengeti\" tabindex=\"0\">8 jours de safari de migration dans le Serengeti<\/a>\t\t\t<\/h5>\n\t\t\t<a href=\"https:\/\/www.ajabu-adventures.com\/fr\/8-jours-de-safari-migration-du-serengeti\/\" target=\"_self\" role=\"button\" aria-label=\"En savoir plus\" rel=\"noopener\">\n\t\t\t\t\t\t\tEn savoir plus\n\t\t<\/a>\n\t\t\t\t\t\t\t\t\t\t\t\t\t\t<a href=\"https:\/\/www.ajabu-adventures.com\/fr\/safari-en-avion-de-la-brousse-a-la-plage-tanzanie\/\" target=\"_self\" title=\"8 jours de safari en avion du bush \u00e0 la plage\" rel=\"noopener\">\n\t\t\t\t<img decoding=\"async\" src=\"https:\/\/www.ajabu-adventures.com\/wordpress\/wp-content\/uploads\/2023\/08\/ajabu-adventures-elephants.jpg\" alt=\"\" \/>\n\t\t\t\t<\/a>\n\t\t\t\t\t\t<h5>\n\t\t\t\t<a href=https:\/\/www.ajabu-adventures.com\/fr\/safari-en-avion-de-la-brousse-a-la-plage-tanzanie\/ title=\"8 jours de safari en avion du bush \u00e0 la plage\" tabindex=\"0\">8 jours de safari en avion du bush \u00e0 la plage<\/a>\t\t\t<\/h5>\n\t\t\t<a href=\"https:\/\/www.ajabu-adventures.com\/fr\/safari-en-avion-de-la-brousse-a-la-plage-tanzanie\/\" target=\"_self\" role=\"button\" aria-label=\"En savoir plus\" rel=\"noopener\">\n\t\t\t\t\t\t\tEn savoir plus\n\t\t<\/a>\n\n","protected":false},"excerpt":{"rendered":"<p>8 jours de safari a\u00e9rien dans le nord de la Tanzanie L&rsquo;ultime aventure africaine en 8 jours, \u00e0 nulle autre pareille. Volez d&rsquo;un point culminant \u00e0 un autre point culminant avec ce safari priv\u00e9 de luxe. \u00c0 partir de \u20ac4680 pp Points forts du safari : Au sommet de l&rsquo;Afrique Guides d&rsquo;experts R\u00e9compens\u00e9 par un [&hellip;]<\/p>\n","protected":false},"author":6,"featured_media":26213,"parent":0,"menu_order":0,"comment_status":"closed","ping_status":"closed","template":"","meta":{"_acf_changed":false,"site-sidebar-layout":"no-sidebar","site-content-layout":"page-builder","ast-site-content-layout":"full-width-container","site-content-style":"unboxed","site-sidebar-style":"unboxed","ast-global-header-display":"","ast-banner-title-visibility":"","ast-main-header-display":"","ast-hfb-above-header-display":"","ast-hfb-below-header-display":"","ast-hfb-mobile-header-display":"","site-post-title":"disabled","ast-breadcrumbs-content":"","ast-featured-img":"disabled","footer-sml-layout":"","ast-disable-related-posts":"","theme-transparent-header-meta":"default","adv-header-id-meta":"","stick-header-meta":"","header-above-stick-meta":"","header-main-stick-meta":"","header-below-stick-meta":"","astra-migrate-meta-layouts":"set","ast-page-background-enabled":"default","ast-page-background-meta":{"desktop":{"background-color":"","background-image":"","background-repeat":"repeat","background-position":"center center","background-size":"auto","background-attachment":"scroll","background-type":"","background-media":"","overlay-type":"","overlay-color":"","overlay-opacity":"","overlay-gradient":""},"tablet":{"background-color":"","background-image":"","background-repeat":"repeat","background-position":"center center","background-size":"auto","background-attachment":"scroll","background-type":"","background-media":"","overlay-type":"","overlay-color":"","overlay-opacity":"","overlay-gradient":""},"mobile":{"background-color":"","background-image":"","background-repeat":"repeat","background-position":"center center","background-size":"auto","background-attachment":"scroll","background-type":"","background-media":"","overlay-type":"","overlay-color":"","overlay-opacity":"","overlay-gradient":""}},"ast-content-background-meta":{"desktop":{"background-color":"var(--ast-global-color-5)","background-image":"","background-repeat":"repeat","background-position":"center center","background-size":"auto","background-attachment":"scroll","background-type":"","background-media":"","overlay-type":"","overlay-color":"","overlay-opacity":"","overlay-gradient":""},"tablet":{"background-color":"var(--ast-global-color-5)","background-image":"","background-repeat":"repeat","background-position":"center center","background-size":"auto","background-attachment":"scroll","background-type":"","background-media":"","overlay-type":"","overlay-color":"","overlay-opacity":"","overlay-gradient":""},"mobile":{"background-color":"var(--ast-global-color-5)","background-image":"","background-repeat":"repeat","background-position":"center center","background-size":"auto","background-attachment":"scroll","background-type":"","background-media":"","overlay-type":"","overlay-color":"","overlay-opacity":"","overlay-gradient":""}},"footnotes":""},"soort":[307],"class_list":["post-25305","page","type-page","status-publish","has-post-thumbnail","hentry","soort-safari"],"acf":[],"yoast_head":"<!-- This site is optimized with the Yoast SEO plugin v27.4 - https:\/\/yoast.com\/product\/yoast-seo-wordpress\/ -->\n<title>Safari en avion priv\u00e9 en Tanzanie - Ajabu Adventures<\/title>\n<meta name=\"description\" content=\"L&#039;ultime safari priv\u00e9 africain en 8 jours, qui ne ressemble \u00e0 aucun autre. Volez d&#039;un point culminant \u00e0 un autre point culminant avec ce safari priv\u00e9 de luxe.\" \/>\n<meta name=\"robots\" content=\"index, follow, max-snippet:-1, max-image-preview:large, max-video-preview:-1\" \/>\n<link rel=\"canonical\" href=\"https:\/\/www.ajabu-adventures.com\/fr\/safari-prive-en-avion-tanzanie\/\" \/>\n<meta property=\"og:locale\" content=\"fr_FR\" \/>\n<meta property=\"og:type\" content=\"article\" \/>\n<meta property=\"og:title\" content=\"Safari en avion priv\u00e9 en Tanzanie - Ajabu Adventures\" \/>\n<meta property=\"og:description\" content=\"L&#039;ultime safari priv\u00e9 africain en 8 jours, qui ne ressemble \u00e0 aucun autre. Volez d&#039;un point culminant \u00e0 un autre point culminant avec ce safari priv\u00e9 de luxe.\" \/>\n<meta property=\"og:url\" content=\"https:\/\/www.ajabu-adventures.com\/fr\/safari-prive-en-avion-tanzanie\/\" \/>\n<meta property=\"og:site_name\" content=\"Ajabu Adventures\" \/>\n<meta property=\"article:publisher\" content=\"https:\/\/www.facebook.com\/AjabuAdventures\" \/>\n<meta property=\"article:modified_time\" content=\"2023-12-12T14:29:13+00:00\" \/>\n<meta property=\"og:image\" content=\"https:\/\/www.ajabu-adventures.com\/wordpress\/wp-content\/uploads\/2023\/08\/ajabu-adventures-sunset.jpg\" \/>\n\t<meta property=\"og:image:width\" content=\"1000\" \/>\n\t<meta property=\"og:image:height\" content=\"700\" \/>\n\t<meta property=\"og:image:type\" content=\"image\/jpeg\" \/>\n<meta name=\"twitter:card\" content=\"summary_large_image\" \/>\n<meta name=\"twitter:site\" content=\"@AjabuSafari\" \/>\n<script type=\"application\/ld+json\" class=\"yoast-schema-graph\">{\"@context\":\"https:\\\/\\\/schema.org\",\"@graph\":[{\"@type\":\"WebPage\",\"@id\":\"https:\\\/\\\/www.ajabu-adventures.com\\\/fr\\\/safari-prive-en-avion-tanzanie\\\/\",\"url\":\"https:\\\/\\\/www.ajabu-adventures.com\\\/fr\\\/safari-prive-en-avion-tanzanie\\\/\",\"name\":\"Safari en avion priv\u00e9 en Tanzanie - Ajabu Adventures\",\"isPartOf\":{\"@id\":\"https:\\\/\\\/www.ajabu-adventures.com\\\/fr\\\/#website\"},\"primaryImageOfPage\":{\"@id\":\"https:\\\/\\\/www.ajabu-adventures.com\\\/fr\\\/safari-prive-en-avion-tanzanie\\\/#primaryimage\"},\"image\":{\"@id\":\"https:\\\/\\\/www.ajabu-adventures.com\\\/fr\\\/safari-prive-en-avion-tanzanie\\\/#primaryimage\"},\"thumbnailUrl\":\"https:\\\/\\\/www.ajabu-adventures.com\\\/wp-content\\\/uploads\\\/2023\\\/12\\\/serengeti-vast-plains-safari-tanzania.jpg\",\"datePublished\":\"2023-09-25T11:31:47+00:00\",\"dateModified\":\"2023-12-12T14:29:13+00:00\",\"description\":\"L'ultime safari priv\u00e9 africain en 8 jours, qui ne ressemble \u00e0 aucun autre. Volez d'un point culminant \u00e0 un autre point culminant avec ce safari priv\u00e9 de luxe.\",\"breadcrumb\":{\"@id\":\"https:\\\/\\\/www.ajabu-adventures.com\\\/fr\\\/safari-prive-en-avion-tanzanie\\\/#breadcrumb\"},\"inLanguage\":\"fr-FR\",\"potentialAction\":[{\"@type\":\"ReadAction\",\"target\":[\"https:\\\/\\\/www.ajabu-adventures.com\\\/fr\\\/safari-prive-en-avion-tanzanie\\\/\"]}]},{\"@type\":\"ImageObject\",\"inLanguage\":\"fr-FR\",\"@id\":\"https:\\\/\\\/www.ajabu-adventures.com\\\/fr\\\/safari-prive-en-avion-tanzanie\\\/#primaryimage\",\"url\":\"https:\\\/\\\/www.ajabu-adventures.com\\\/wp-content\\\/uploads\\\/2023\\\/12\\\/serengeti-vast-plains-safari-tanzania.jpg\",\"contentUrl\":\"https:\\\/\\\/www.ajabu-adventures.com\\\/wp-content\\\/uploads\\\/2023\\\/12\\\/serengeti-vast-plains-safari-tanzania.jpg\",\"width\":1000,\"height\":700,\"caption\":\"Vast plains of the Serengeti during your safari in Tanzania\"},{\"@type\":\"BreadcrumbList\",\"@id\":\"https:\\\/\\\/www.ajabu-adventures.com\\\/fr\\\/safari-prive-en-avion-tanzanie\\\/#breadcrumb\",\"itemListElement\":[{\"@type\":\"ListItem\",\"position\":1,\"name\":\"Home\",\"item\":\"https:\\\/\\\/www.ajabu-adventures.com\\\/fr\\\/page-daccueil\\\/\"},{\"@type\":\"ListItem\",\"position\":2,\"name\":\"8 jours de safari en avion priv\u00e9 en Tanzanie\"}]},{\"@type\":\"WebSite\",\"@id\":\"https:\\\/\\\/www.ajabu-adventures.com\\\/fr\\\/#website\",\"url\":\"https:\\\/\\\/www.ajabu-adventures.com\\\/fr\\\/\",\"name\":\"Ajabu Adventures\",\"description\":\"Unlock the secrets of Tanzania.\",\"publisher\":{\"@id\":\"https:\\\/\\\/www.ajabu-adventures.com\\\/fr\\\/#organization\"},\"potentialAction\":[{\"@type\":\"SearchAction\",\"target\":{\"@type\":\"EntryPoint\",\"urlTemplate\":\"https:\\\/\\\/www.ajabu-adventures.com\\\/fr\\\/?s={search_term_string}\"},\"query-input\":{\"@type\":\"PropertyValueSpecification\",\"valueRequired\":true,\"valueName\":\"search_term_string\"}}],\"inLanguage\":\"fr-FR\"},{\"@type\":\"Organization\",\"@id\":\"https:\\\/\\\/www.ajabu-adventures.com\\\/fr\\\/#organization\",\"name\":\"Ajabu Adventures\",\"url\":\"https:\\\/\\\/www.ajabu-adventures.com\\\/fr\\\/\",\"logo\":{\"@type\":\"ImageObject\",\"inLanguage\":\"fr-FR\",\"@id\":\"https:\\\/\\\/www.ajabu-adventures.com\\\/fr\\\/#\\\/schema\\\/logo\\\/image\\\/\",\"url\":\"https:\\\/\\\/www.ajabu-adventures.com\\\/wp-content\\\/uploads\\\/2021\\\/03\\\/logo-ajabu-adventures-transparant.png\",\"contentUrl\":\"https:\\\/\\\/www.ajabu-adventures.com\\\/wp-content\\\/uploads\\\/2021\\\/03\\\/logo-ajabu-adventures-transparant.png\",\"width\":550,\"height\":199,\"caption\":\"Ajabu Adventures\"},\"image\":{\"@id\":\"https:\\\/\\\/www.ajabu-adventures.com\\\/fr\\\/#\\\/schema\\\/logo\\\/image\\\/\"},\"sameAs\":[\"https:\\\/\\\/www.facebook.com\\\/AjabuAdventures\",\"https:\\\/\\\/x.com\\\/AjabuSafari\",\"https:\\\/\\\/www.instagram.com\\\/ajabu.adventures\\\/\"]}]}<\/script>\n<!-- \/ Yoast SEO plugin. -->","yoast_head_json":{"title":"Safari en avion priv\u00e9 en Tanzanie - Ajabu Adventures","description":"L'ultime safari priv\u00e9 africain en 8 jours, qui ne ressemble \u00e0 aucun autre. Volez d'un point culminant \u00e0 un autre point culminant avec ce safari priv\u00e9 de luxe.","robots":{"index":"index","follow":"follow","max-snippet":"max-snippet:-1","max-image-preview":"max-image-preview:large","max-video-preview":"max-video-preview:-1"},"canonical":"https:\/\/www.ajabu-adventures.com\/fr\/safari-prive-en-avion-tanzanie\/","og_locale":"fr_FR","og_type":"article","og_title":"Safari en avion priv\u00e9 en Tanzanie - Ajabu Adventures","og_description":"L'ultime safari priv\u00e9 africain en 8 jours, qui ne ressemble \u00e0 aucun autre. Volez d'un point culminant \u00e0 un autre point culminant avec ce safari priv\u00e9 de luxe.","og_url":"https:\/\/www.ajabu-adventures.com\/fr\/safari-prive-en-avion-tanzanie\/","og_site_name":"Ajabu Adventures","article_publisher":"https:\/\/www.facebook.com\/AjabuAdventures","article_modified_time":"2023-12-12T14:29:13+00:00","og_image":[{"width":1000,"height":700,"url":"https:\/\/www.ajabu-adventures.com\/wordpress\/wp-content\/uploads\/2023\/08\/ajabu-adventures-sunset.jpg","type":"image\/jpeg"}],"twitter_card":"summary_large_image","twitter_site":"@AjabuSafari","schema":{"@context":"https:\/\/schema.org","@graph":[{"@type":"WebPage","@id":"https:\/\/www.ajabu-adventures.com\/fr\/safari-prive-en-avion-tanzanie\/","url":"https:\/\/www.ajabu-adventures.com\/fr\/safari-prive-en-avion-tanzanie\/","name":"Safari en avion priv\u00e9 en Tanzanie - Ajabu Adventures","isPartOf":{"@id":"https:\/\/www.ajabu-adventures.com\/fr\/#website"},"primaryImageOfPage":{"@id":"https:\/\/www.ajabu-adventures.com\/fr\/safari-prive-en-avion-tanzanie\/#primaryimage"},"image":{"@id":"https:\/\/www.ajabu-adventures.com\/fr\/safari-prive-en-avion-tanzanie\/#primaryimage"},"thumbnailUrl":"https:\/\/www.ajabu-adventures.com\/wp-content\/uploads\/2023\/12\/serengeti-vast-plains-safari-tanzania.jpg","datePublished":"2023-09-25T11:31:47+00:00","dateModified":"2023-12-12T14:29:13+00:00","description":"L'ultime safari priv\u00e9 africain en 8 jours, qui ne ressemble \u00e0 aucun autre. Volez d'un point culminant \u00e0 un autre point culminant avec ce safari priv\u00e9 de luxe.","breadcrumb":{"@id":"https:\/\/www.ajabu-adventures.com\/fr\/safari-prive-en-avion-tanzanie\/#breadcrumb"},"inLanguage":"fr-FR","potentialAction":[{"@type":"ReadAction","target":["https:\/\/www.ajabu-adventures.com\/fr\/safari-prive-en-avion-tanzanie\/"]}]},{"@type":"ImageObject","inLanguage":"fr-FR","@id":"https:\/\/www.ajabu-adventures.com\/fr\/safari-prive-en-avion-tanzanie\/#primaryimage","url":"https:\/\/www.ajabu-adventures.com\/wp-content\/uploads\/2023\/12\/serengeti-vast-plains-safari-tanzania.jpg","contentUrl":"https:\/\/www.ajabu-adventures.com\/wp-content\/uploads\/2023\/12\/serengeti-vast-plains-safari-tanzania.jpg","width":1000,"height":700,"caption":"Vast plains of the Serengeti during your safari in Tanzania"},{"@type":"BreadcrumbList","@id":"https:\/\/www.ajabu-adventures.com\/fr\/safari-prive-en-avion-tanzanie\/#breadcrumb","itemListElement":[{"@type":"ListItem","position":1,"name":"Home","item":"https:\/\/www.ajabu-adventures.com\/fr\/page-daccueil\/"},{"@type":"ListItem","position":2,"name":"8 jours de safari en avion priv\u00e9 en Tanzanie"}]},{"@type":"WebSite","@id":"https:\/\/www.ajabu-adventures.com\/fr\/#website","url":"https:\/\/www.ajabu-adventures.com\/fr\/","name":"Ajabu Adventures","description":"Unlock the secrets of Tanzania.","publisher":{"@id":"https:\/\/www.ajabu-adventures.com\/fr\/#organization"},"potentialAction":[{"@type":"SearchAction","target":{"@type":"EntryPoint","urlTemplate":"https:\/\/www.ajabu-adventures.com\/fr\/?s={search_term_string}"},"query-input":{"@type":"PropertyValueSpecification","valueRequired":true,"valueName":"search_term_string"}}],"inLanguage":"fr-FR"},{"@type":"Organization","@id":"https:\/\/www.ajabu-adventures.com\/fr\/#organization","name":"Ajabu Adventures","url":"https:\/\/www.ajabu-adventures.com\/fr\/","logo":{"@type":"ImageObject","inLanguage":"fr-FR","@id":"https:\/\/www.ajabu-adventures.com\/fr\/#\/schema\/logo\/image\/","url":"https:\/\/www.ajabu-adventures.com\/wp-content\/uploads\/2021\/03\/logo-ajabu-adventures-transparant.png","contentUrl":"https:\/\/www.ajabu-adventures.com\/wp-content\/uploads\/2021\/03\/logo-ajabu-adventures-transparant.png","width":550,"height":199,"caption":"Ajabu Adventures"},"image":{"@id":"https:\/\/www.ajabu-adventures.com\/fr\/#\/schema\/logo\/image\/"},"sameAs":["https:\/\/www.facebook.com\/AjabuAdventures","https:\/\/x.com\/AjabuSafari","https:\/\/www.instagram.com\/ajabu.adventures\/"]}]}},"_links":{"self":[{"href":"https:\/\/www.ajabu-adventures.com\/fr\/wp-json\/wp\/v2\/pages\/25305","targetHints":{"allow":["GET"]}}],"collection":[{"href":"https:\/\/www.ajabu-adventures.com\/fr\/wp-json\/wp\/v2\/pages"}],"about":[{"href":"https:\/\/www.ajabu-adventures.com\/fr\/wp-json\/wp\/v2\/types\/page"}],"author":[{"embeddable":true,"href":"https:\/\/www.ajabu-adventures.com\/fr\/wp-json\/wp\/v2\/users\/6"}],"replies":[{"embeddable":true,"href":"https:\/\/www.ajabu-adventures.com\/fr\/wp-json\/wp\/v2\/comments?post=25305"}],"version-history":[{"count":0,"href":"https:\/\/www.ajabu-adventures.com\/fr\/wp-json\/wp\/v2\/pages\/25305\/revisions"}],"wp:featuredmedia":[{"embeddable":true,"href":"https:\/\/www.ajabu-adventures.com\/fr\/wp-json\/wp\/v2\/media\/26213"}],"wp:attachment":[{"href":"https:\/\/www.ajabu-adventures.com\/fr\/wp-json\/wp\/v2\/media?parent=25305"}],"wp:term":[{"taxonomy":"soort","embeddable":true,"href":"https:\/\/www.ajabu-adventures.com\/fr\/wp-json\/wp\/v2\/soort?post=25305"}],"curies":[{"name":"wp","href":"https:\/\/api.w.org\/{rel}","templated":true}]}}