{"id":25301,"date":"2023-08-14T13:13:10","date_gmt":"2023-08-14T13:13:10","guid":{"rendered":"https:\/\/www.ajabu-adventures.com\/iles-et-plages\/"},"modified":"2024-06-05T12:12:41","modified_gmt":"2024-06-05T12:12:41","slug":"plages-de-lile-de-zanzibar-tanzanie","status":"publish","type":"page","link":"https:\/\/www.ajabu-adventures.com\/fr\/plages-de-lile-de-zanzibar-tanzanie\/","title":{"rendered":"\u00celes et plages"},"content":{"rendered":"\n\n\t<h1>\n\t\t\t\t\u00celes et plages\n\t\t\t<\/h1>\n\t\t\t<p>Zanzibar, Mafia et Pemba<\/p>\t\n\t<h2>\n\t\t\t\tZanzibar, Mafia et Pemba\n\t\t\t<\/h2>\n\t\t\t\t<img decoding=\"async\" src=\"https:\/\/www.ajabu-adventures.com\/wp-content\/uploads\/2023\/08\/ajabu-adventures-zanzibar.jpg\" alt=\"ajabu-adventures-zanzibar\" title=\"ajabu-adventures-zanzibar\" itemprop=\"image\"\/>\n\t\t\t<h4>\u00cele de Zanzibar<\/h4>\t\t\t\n\t\t\t\t<p>Zanzibar est la plus grande et la plus connue des trois \u00eeles, notamment pour sa nature tropicale et son aspect exotique. C&rsquo;est un m\u00e9lange d&rsquo;origines multiraciales et multiculturelles, qui fait de Stone Town un centre historique fascinant. La c\u00f4te de Zanzibar poss\u00e8de des plages impressionnantes qui offrent de nombreuses possibilit\u00e9s aux surfeurs, aux plongeurs et aux amateurs de bronzage. Vous ne savez toujours pas quoi faire \u00e0 Zanzibar ? Contactez-nous et nous partagerons avec vous <strong>notre Top 10 des activit\u00e9s <\/strong>pour profiter au mieux de l&rsquo;\u00eele !<\/p>\n\t\t\t\t<img decoding=\"async\" src=\"https:\/\/www.ajabu-adventures.com\/wp-content\/uploads\/2023\/08\/ajabu-adventures-pemba.jpg\" alt=\"ajabu-adventures-pemba\" title=\"ajabu-adventures-pemba\" itemprop=\"image\"\/>\n\t\t\t<h4>\u00cele de Pemba<\/h4>\t\t\t\n\t\t\t\t<p>L&rsquo;\u00eele de Pemba est vallonn\u00e9e, verte et fertile, et domin\u00e9e par l&rsquo;agriculture et la p\u00eache \u00e0 petite \u00e9chelle. En termes de tourisme, c&rsquo;est l&rsquo;\u00eele la moins d\u00e9velopp\u00e9e des trois et la plus pr\u00e9serv\u00e9e. N\u00e9anmoins, c&rsquo;est l&rsquo;\u00eele de Pemba qui offre des sites de plong\u00e9e et de snorkeling de classe mondiale. Il y a de la magie \u00e0 Pemba, non seulement parce que l&rsquo;\u00eele est un centre local de spiritualit\u00e9, mais aussi parce que ses habitants sont chaleureux et amicaux.   <\/p>\n\t\t\t\t<img decoding=\"async\" src=\"https:\/\/www.ajabu-adventures.com\/wp-content\/uploads\/2023\/08\/ajabu-adventures-mafia.jpg\" alt=\"ajabu-adventures-mafia\" title=\"ajabu-adventures-mafia\" itemprop=\"image\"\/>\n\t\t\t<h4>L&rsquo;\u00eele de la mafia<\/h4>\t\t\t\n\t\t\t\t<p>L&rsquo;\u00eele de Mafia poss\u00e8de une v\u00e9g\u00e9tation luxuriante, des plantations de noix de coco et de cajou, ainsi que de petits villages de p\u00eacheurs et d&rsquo;agriculteurs accueillants. Bien que les plages ne soient pas aussi paradisiaques qu&rsquo;\u00e0 Zanzibar, l&rsquo;\u00eele est connue pour poss\u00e9der l&rsquo;un des \u00e9cosyst\u00e8mes marins et l&rsquo;un des r\u00e9cifs coralliens les plus int\u00e9ressants au monde. <\/p>\n<p>Gr\u00e2ce \u00e0 l&rsquo;abondance de plancton, les eaux attirent une population de <strong>requins-baleines<\/strong> entre septembre et f\u00e9vrier. Les <strong>baleines \u00e0 bosse<\/strong> passent \u00e9galement devant l&rsquo;\u00eele de Mafia lors de leur migration avec leurs baleineaux entre ao\u00fbt et octobre. Ne manquez pas la chance de faire de la plong\u00e9e en apn\u00e9e avec les plus gros poissons de la mer, une exp\u00e9rience vraiment magique lors de votre s\u00e9jour dans ce petit paradis pr\u00e9serv\u00e9 qu&rsquo;est l&rsquo;\u00eele de Mafia !  <\/p>\n\t<h2>\n\t\t\t\tCr\u00e9ez votre propre voyage sur mesure\n\t\t\t<\/h2>\n\t<h5>\n\t\t\t\tDemandez-nous une proposition de voyage gratuite et sans engagement !\n\t\t\t<\/h5>\n\t\t\t<a href=\"https:\/\/www.ajabu-adventures.com\/fr\/reservez-votre-safari-prive-en-tanzanie\/\" target=\"_self\" role=\"button\" aria-label=\"Cr\u00e9ez votre safari de r\u00eave sur mesure\" rel=\"noopener\">\n\t\t\t\t\t\t\tCr\u00e9ez votre safari de r\u00eave sur mesure\n\t\t<\/a>\n\n","protected":false},"excerpt":{"rendered":"<p>\u00celes et plages Zanzibar, Mafia et Pemba Zanzibar, Mafia et Pemba \u00cele de Zanzibar Zanzibar est la plus grande et la plus connue des trois \u00eeles, notamment pour sa nature tropicale et son aspect exotique. C&rsquo;est un m\u00e9lange d&rsquo;origines multiraciales et multiculturelles, qui fait de Stone Town un centre historique fascinant. La c\u00f4te de Zanzibar [&hellip;]<\/p>\n","protected":false},"author":6,"featured_media":0,"parent":0,"menu_order":0,"comment_status":"closed","ping_status":"closed","template":"","meta":{"_acf_changed":false,"site-sidebar-layout":"no-sidebar","site-content-layout":"page-builder","ast-site-content-layout":"full-width-container","site-content-style":"unboxed","site-sidebar-style":"unboxed","ast-global-header-display":"","ast-banner-title-visibility":"","ast-main-header-display":"","ast-hfb-above-header-display":"","ast-hfb-below-header-display":"","ast-hfb-mobile-header-display":"","site-post-title":"disabled","ast-breadcrumbs-content":"","ast-featured-img":"disabled","footer-sml-layout":"","ast-disable-related-posts":"","theme-transparent-header-meta":"default","adv-header-id-meta":"","stick-header-meta":"","header-above-stick-meta":"","header-main-stick-meta":"","header-below-stick-meta":"","astra-migrate-meta-layouts":"set","ast-page-background-enabled":"default","ast-page-background-meta":{"desktop":{"background-color":"","background-image":"","background-repeat":"repeat","background-position":"center center","background-size":"auto","background-attachment":"scroll","background-type":"","background-media":"","overlay-type":"","overlay-color":"","overlay-opacity":"","overlay-gradient":""},"tablet":{"background-color":"","background-image":"","background-repeat":"repeat","background-position":"center center","background-size":"auto","background-attachment":"scroll","background-type":"","background-media":"","overlay-type":"","overlay-color":"","overlay-opacity":"","overlay-gradient":""},"mobile":{"background-color":"","background-image":"","background-repeat":"repeat","background-position":"center center","background-size":"auto","background-attachment":"scroll","background-type":"","background-media":"","overlay-type":"","overlay-color":"","overlay-opacity":"","overlay-gradient":""}},"ast-content-background-meta":{"desktop":{"background-color":"var(--ast-global-color-5)","background-image":"","background-repeat":"repeat","background-position":"center center","background-size":"auto","background-attachment":"scroll","background-type":"","background-media":"","overlay-type":"","overlay-color":"","overlay-opacity":"","overlay-gradient":""},"tablet":{"background-color":"var(--ast-global-color-5)","background-image":"","background-repeat":"repeat","background-position":"center center","background-size":"auto","background-attachment":"scroll","background-type":"","background-media":"","overlay-type":"","overlay-color":"","overlay-opacity":"","overlay-gradient":""},"mobile":{"background-color":"var(--ast-global-color-5)","background-image":"","background-repeat":"repeat","background-position":"center center","background-size":"auto","background-attachment":"scroll","background-type":"","background-media":"","overlay-type":"","overlay-color":"","overlay-opacity":"","overlay-gradient":""}},"footnotes":""},"soort":[],"class_list":["post-25301","page","type-page","status-publish","hentry"],"acf":[],"yoast_head":"<!-- This site is optimized with the Yoast SEO plugin v27.4 - https:\/\/yoast.com\/product\/yoast-seo-wordpress\/ -->\n<title>Zanzibar et vacances \u00e0 la plage en Tanzanie - Ajabu Adventures<\/title>\n<meta name=\"description\" content=\"Envie de vacances exotiques \u00e0 la plage ? Combinez votre safari priv\u00e9 avec des vacances \u00e0 la plage bien m\u00e9rit\u00e9es \u00e0 Zanzibar, Mafia ou Pemba.\" \/>\n<meta name=\"robots\" content=\"index, follow, max-snippet:-1, max-image-preview:large, max-video-preview:-1\" \/>\n<link rel=\"canonical\" href=\"https:\/\/www.ajabu-adventures.com\/fr\/plages-de-lile-de-zanzibar-tanzanie\/\" \/>\n<meta property=\"og:locale\" content=\"fr_FR\" \/>\n<meta property=\"og:type\" content=\"article\" \/>\n<meta property=\"og:title\" content=\"Zanzibar et vacances \u00e0 la plage en Tanzanie - Ajabu Adventures\" \/>\n<meta property=\"og:description\" content=\"Envie de vacances exotiques \u00e0 la plage ? Combinez votre safari priv\u00e9 avec des vacances \u00e0 la plage bien m\u00e9rit\u00e9es \u00e0 Zanzibar, Mafia ou Pemba.\" \/>\n<meta property=\"og:url\" content=\"https:\/\/www.ajabu-adventures.com\/fr\/plages-de-lile-de-zanzibar-tanzanie\/\" \/>\n<meta property=\"og:site_name\" content=\"Ajabu Adventures\" \/>\n<meta property=\"article:publisher\" content=\"https:\/\/www.facebook.com\/AjabuAdventures\" \/>\n<meta property=\"article:modified_time\" content=\"2024-06-05T12:12:41+00:00\" \/>\n<meta property=\"og:image\" content=\"https:\/\/www.ajabu-adventures.com\/wp-content\/uploads\/2023\/08\/ajabu-adventures-zanzibar.jpg\" \/>\n<meta name=\"twitter:card\" content=\"summary_large_image\" \/>\n<meta name=\"twitter:site\" content=\"@AjabuSafari\" \/>\n<script type=\"application\/ld+json\" class=\"yoast-schema-graph\">{\"@context\":\"https:\\\/\\\/schema.org\",\"@graph\":[{\"@type\":\"WebPage\",\"@id\":\"https:\\\/\\\/www.ajabu-adventures.com\\\/fr\\\/plages-de-lile-de-zanzibar-tanzanie\\\/\",\"url\":\"https:\\\/\\\/www.ajabu-adventures.com\\\/fr\\\/plages-de-lile-de-zanzibar-tanzanie\\\/\",\"name\":\"Zanzibar et vacances \u00e0 la plage en Tanzanie - Ajabu Adventures\",\"isPartOf\":{\"@id\":\"https:\\\/\\\/www.ajabu-adventures.com\\\/fr\\\/#website\"},\"primaryImageOfPage\":{\"@id\":\"https:\\\/\\\/www.ajabu-adventures.com\\\/fr\\\/plages-de-lile-de-zanzibar-tanzanie\\\/#primaryimage\"},\"image\":{\"@id\":\"https:\\\/\\\/www.ajabu-adventures.com\\\/fr\\\/plages-de-lile-de-zanzibar-tanzanie\\\/#primaryimage\"},\"thumbnailUrl\":\"https:\\\/\\\/www.ajabu-adventures.com\\\/wp-content\\\/uploads\\\/2023\\\/08\\\/ajabu-adventures-zanzibar.jpg\",\"datePublished\":\"2023-08-14T13:13:10+00:00\",\"dateModified\":\"2024-06-05T12:12:41+00:00\",\"description\":\"Envie de vacances exotiques \u00e0 la plage ? Combinez votre safari priv\u00e9 avec des vacances \u00e0 la plage bien m\u00e9rit\u00e9es \u00e0 Zanzibar, Mafia ou Pemba.\",\"breadcrumb\":{\"@id\":\"https:\\\/\\\/www.ajabu-adventures.com\\\/fr\\\/plages-de-lile-de-zanzibar-tanzanie\\\/#breadcrumb\"},\"inLanguage\":\"fr-FR\",\"potentialAction\":[{\"@type\":\"ReadAction\",\"target\":[\"https:\\\/\\\/www.ajabu-adventures.com\\\/fr\\\/plages-de-lile-de-zanzibar-tanzanie\\\/\"]}]},{\"@type\":\"ImageObject\",\"inLanguage\":\"fr-FR\",\"@id\":\"https:\\\/\\\/www.ajabu-adventures.com\\\/fr\\\/plages-de-lile-de-zanzibar-tanzanie\\\/#primaryimage\",\"url\":\"https:\\\/\\\/www.ajabu-adventures.com\\\/wp-content\\\/uploads\\\/2023\\\/08\\\/ajabu-adventures-zanzibar.jpg\",\"contentUrl\":\"https:\\\/\\\/www.ajabu-adventures.com\\\/wp-content\\\/uploads\\\/2023\\\/08\\\/ajabu-adventures-zanzibar.jpg\"},{\"@type\":\"BreadcrumbList\",\"@id\":\"https:\\\/\\\/www.ajabu-adventures.com\\\/fr\\\/plages-de-lile-de-zanzibar-tanzanie\\\/#breadcrumb\",\"itemListElement\":[{\"@type\":\"ListItem\",\"position\":1,\"name\":\"Home\",\"item\":\"https:\\\/\\\/www.ajabu-adventures.com\\\/fr\\\/page-daccueil\\\/\"},{\"@type\":\"ListItem\",\"position\":2,\"name\":\"\u00celes et plages\"}]},{\"@type\":\"WebSite\",\"@id\":\"https:\\\/\\\/www.ajabu-adventures.com\\\/fr\\\/#website\",\"url\":\"https:\\\/\\\/www.ajabu-adventures.com\\\/fr\\\/\",\"name\":\"Ajabu Adventures\",\"description\":\"Unlock the secrets of Tanzania.\",\"publisher\":{\"@id\":\"https:\\\/\\\/www.ajabu-adventures.com\\\/fr\\\/#organization\"},\"potentialAction\":[{\"@type\":\"SearchAction\",\"target\":{\"@type\":\"EntryPoint\",\"urlTemplate\":\"https:\\\/\\\/www.ajabu-adventures.com\\\/fr\\\/?s={search_term_string}\"},\"query-input\":{\"@type\":\"PropertyValueSpecification\",\"valueRequired\":true,\"valueName\":\"search_term_string\"}}],\"inLanguage\":\"fr-FR\"},{\"@type\":\"Organization\",\"@id\":\"https:\\\/\\\/www.ajabu-adventures.com\\\/fr\\\/#organization\",\"name\":\"Ajabu Adventures\",\"url\":\"https:\\\/\\\/www.ajabu-adventures.com\\\/fr\\\/\",\"logo\":{\"@type\":\"ImageObject\",\"inLanguage\":\"fr-FR\",\"@id\":\"https:\\\/\\\/www.ajabu-adventures.com\\\/fr\\\/#\\\/schema\\\/logo\\\/image\\\/\",\"url\":\"https:\\\/\\\/www.ajabu-adventures.com\\\/wp-content\\\/uploads\\\/2021\\\/03\\\/logo-ajabu-adventures-transparant.png\",\"contentUrl\":\"https:\\\/\\\/www.ajabu-adventures.com\\\/wp-content\\\/uploads\\\/2021\\\/03\\\/logo-ajabu-adventures-transparant.png\",\"width\":550,\"height\":199,\"caption\":\"Ajabu Adventures\"},\"image\":{\"@id\":\"https:\\\/\\\/www.ajabu-adventures.com\\\/fr\\\/#\\\/schema\\\/logo\\\/image\\\/\"},\"sameAs\":[\"https:\\\/\\\/www.facebook.com\\\/AjabuAdventures\",\"https:\\\/\\\/x.com\\\/AjabuSafari\",\"https:\\\/\\\/www.instagram.com\\\/ajabu.adventures\\\/\"]}]}<\/script>\n<!-- \/ Yoast SEO plugin. -->","yoast_head_json":{"title":"Zanzibar et vacances \u00e0 la plage en Tanzanie - Ajabu Adventures","description":"Envie de vacances exotiques \u00e0 la plage ? Combinez votre safari priv\u00e9 avec des vacances \u00e0 la plage bien m\u00e9rit\u00e9es \u00e0 Zanzibar, Mafia ou Pemba.","robots":{"index":"index","follow":"follow","max-snippet":"max-snippet:-1","max-image-preview":"max-image-preview:large","max-video-preview":"max-video-preview:-1"},"canonical":"https:\/\/www.ajabu-adventures.com\/fr\/plages-de-lile-de-zanzibar-tanzanie\/","og_locale":"fr_FR","og_type":"article","og_title":"Zanzibar et vacances \u00e0 la plage en Tanzanie - Ajabu Adventures","og_description":"Envie de vacances exotiques \u00e0 la plage ? Combinez votre safari priv\u00e9 avec des vacances \u00e0 la plage bien m\u00e9rit\u00e9es \u00e0 Zanzibar, Mafia ou Pemba.","og_url":"https:\/\/www.ajabu-adventures.com\/fr\/plages-de-lile-de-zanzibar-tanzanie\/","og_site_name":"Ajabu Adventures","article_publisher":"https:\/\/www.facebook.com\/AjabuAdventures","article_modified_time":"2024-06-05T12:12:41+00:00","og_image":[{"url":"https:\/\/www.ajabu-adventures.com\/wp-content\/uploads\/2023\/08\/ajabu-adventures-zanzibar.jpg","type":"","width":"","height":""}],"twitter_card":"summary_large_image","twitter_site":"@AjabuSafari","schema":{"@context":"https:\/\/schema.org","@graph":[{"@type":"WebPage","@id":"https:\/\/www.ajabu-adventures.com\/fr\/plages-de-lile-de-zanzibar-tanzanie\/","url":"https:\/\/www.ajabu-adventures.com\/fr\/plages-de-lile-de-zanzibar-tanzanie\/","name":"Zanzibar et vacances \u00e0 la plage en Tanzanie - Ajabu Adventures","isPartOf":{"@id":"https:\/\/www.ajabu-adventures.com\/fr\/#website"},"primaryImageOfPage":{"@id":"https:\/\/www.ajabu-adventures.com\/fr\/plages-de-lile-de-zanzibar-tanzanie\/#primaryimage"},"image":{"@id":"https:\/\/www.ajabu-adventures.com\/fr\/plages-de-lile-de-zanzibar-tanzanie\/#primaryimage"},"thumbnailUrl":"https:\/\/www.ajabu-adventures.com\/wp-content\/uploads\/2023\/08\/ajabu-adventures-zanzibar.jpg","datePublished":"2023-08-14T13:13:10+00:00","dateModified":"2024-06-05T12:12:41+00:00","description":"Envie de vacances exotiques \u00e0 la plage ? Combinez votre safari priv\u00e9 avec des vacances \u00e0 la plage bien m\u00e9rit\u00e9es \u00e0 Zanzibar, Mafia ou Pemba.","breadcrumb":{"@id":"https:\/\/www.ajabu-adventures.com\/fr\/plages-de-lile-de-zanzibar-tanzanie\/#breadcrumb"},"inLanguage":"fr-FR","potentialAction":[{"@type":"ReadAction","target":["https:\/\/www.ajabu-adventures.com\/fr\/plages-de-lile-de-zanzibar-tanzanie\/"]}]},{"@type":"ImageObject","inLanguage":"fr-FR","@id":"https:\/\/www.ajabu-adventures.com\/fr\/plages-de-lile-de-zanzibar-tanzanie\/#primaryimage","url":"https:\/\/www.ajabu-adventures.com\/wp-content\/uploads\/2023\/08\/ajabu-adventures-zanzibar.jpg","contentUrl":"https:\/\/www.ajabu-adventures.com\/wp-content\/uploads\/2023\/08\/ajabu-adventures-zanzibar.jpg"},{"@type":"BreadcrumbList","@id":"https:\/\/www.ajabu-adventures.com\/fr\/plages-de-lile-de-zanzibar-tanzanie\/#breadcrumb","itemListElement":[{"@type":"ListItem","position":1,"name":"Home","item":"https:\/\/www.ajabu-adventures.com\/fr\/page-daccueil\/"},{"@type":"ListItem","position":2,"name":"\u00celes et plages"}]},{"@type":"WebSite","@id":"https:\/\/www.ajabu-adventures.com\/fr\/#website","url":"https:\/\/www.ajabu-adventures.com\/fr\/","name":"Ajabu Adventures","description":"Unlock the secrets of Tanzania.","publisher":{"@id":"https:\/\/www.ajabu-adventures.com\/fr\/#organization"},"potentialAction":[{"@type":"SearchAction","target":{"@type":"EntryPoint","urlTemplate":"https:\/\/www.ajabu-adventures.com\/fr\/?s={search_term_string}"},"query-input":{"@type":"PropertyValueSpecification","valueRequired":true,"valueName":"search_term_string"}}],"inLanguage":"fr-FR"},{"@type":"Organization","@id":"https:\/\/www.ajabu-adventures.com\/fr\/#organization","name":"Ajabu Adventures","url":"https:\/\/www.ajabu-adventures.com\/fr\/","logo":{"@type":"ImageObject","inLanguage":"fr-FR","@id":"https:\/\/www.ajabu-adventures.com\/fr\/#\/schema\/logo\/image\/","url":"https:\/\/www.ajabu-adventures.com\/wp-content\/uploads\/2021\/03\/logo-ajabu-adventures-transparant.png","contentUrl":"https:\/\/www.ajabu-adventures.com\/wp-content\/uploads\/2021\/03\/logo-ajabu-adventures-transparant.png","width":550,"height":199,"caption":"Ajabu Adventures"},"image":{"@id":"https:\/\/www.ajabu-adventures.com\/fr\/#\/schema\/logo\/image\/"},"sameAs":["https:\/\/www.facebook.com\/AjabuAdventures","https:\/\/x.com\/AjabuSafari","https:\/\/www.instagram.com\/ajabu.adventures\/"]}]}},"_links":{"self":[{"href":"https:\/\/www.ajabu-adventures.com\/fr\/wp-json\/wp\/v2\/pages\/25301","targetHints":{"allow":["GET"]}}],"collection":[{"href":"https:\/\/www.ajabu-adventures.com\/fr\/wp-json\/wp\/v2\/pages"}],"about":[{"href":"https:\/\/www.ajabu-adventures.com\/fr\/wp-json\/wp\/v2\/types\/page"}],"author":[{"embeddable":true,"href":"https:\/\/www.ajabu-adventures.com\/fr\/wp-json\/wp\/v2\/users\/6"}],"replies":[{"embeddable":true,"href":"https:\/\/www.ajabu-adventures.com\/fr\/wp-json\/wp\/v2\/comments?post=25301"}],"version-history":[{"count":3,"href":"https:\/\/www.ajabu-adventures.com\/fr\/wp-json\/wp\/v2\/pages\/25301\/revisions"}],"predecessor-version":[{"id":27419,"href":"https:\/\/www.ajabu-adventures.com\/fr\/wp-json\/wp\/v2\/pages\/25301\/revisions\/27419"}],"wp:attachment":[{"href":"https:\/\/www.ajabu-adventures.com\/fr\/wp-json\/wp\/v2\/media?parent=25301"}],"wp:term":[{"taxonomy":"soort","embeddable":true,"href":"https:\/\/www.ajabu-adventures.com\/fr\/wp-json\/wp\/v2\/soort?post=25301"}],"curies":[{"name":"wp","href":"https:\/\/api.w.org\/{rel}","templated":true}]}}